{"id":434,"date":"2014-09-29T14:00:43","date_gmt":"2014-09-29T12:00:43","guid":{"rendered":"http:\/\/bluejays.fr\/?page_id=434"},"modified":"2025-09-05T16:01:51","modified_gmt":"2025-09-05T14:01:51","slug":"baseball-jeunes-section-12u","status":"publish","type":"page","link":"https:\/\/bluejays.fr\/?page_id=434","title":{"rendered":"Notre \u00e9cole baseball jeunes Section 12U"},"content":{"rendered":"\t\t<div data-elementor-type=\"wp-page\" data-elementor-id=\"434\" class=\"elementor elementor-434\">\n\t\t\t\t\t\t\t\t\t<section class=\"elementor-section elementor-top-section elementor-element elementor-element-88a1edc elementor-section-boxed elementor-section-height-default elementor-section-height-default\" data-id=\"88a1edc\" data-element_type=\"section\">\n\t\t\t\t\t\t<div class=\"elementor-container elementor-column-gap-default\">\n\t\t\t\t\t<div class=\"elementor-column elementor-col-100 elementor-top-column elementor-element elementor-element-97eefb1\" data-id=\"97eefb1\" data-element_type=\"column\">\n\t\t\t<div class=\"elementor-widget-wrap\">\n\t\t\t\t\t\t\t\t\t<\/div>\n\t\t<\/div>\n\t\t\t\t\t\t\t<\/div>\n\t\t<\/section>\n\t\t\t\t<section class=\"elementor-section elementor-top-section elementor-element elementor-element-4ab9bc20 elementor-section-boxed elementor-section-height-default elementor-section-height-default\" data-id=\"4ab9bc20\" data-element_type=\"section\">\n\t\t\t\t\t\t<div class=\"elementor-container elementor-column-gap-default\">\n\t\t\t\t\t<div class=\"elementor-column elementor-col-100 elementor-top-column elementor-element elementor-element-500c6e50\" data-id=\"500c6e50\" data-element_type=\"column\">\n\t\t\t<div class=\"elementor-widget-wrap elementor-element-populated\">\n\t\t\t\t\t\t\t\t<div class=\"elementor-element elementor-element-20f27631 elementor-widget elementor-widget-text-editor\" data-id=\"20f27631\" data-element_type=\"widget\" data-widget_type=\"text-editor.default\">\n\t\t\t\t<div class=\"elementor-widget-container\">\n\t\t\t<style>\/*! elementor - v3.18.0 - 20-12-2023 *\/\n.elementor-widget-text-editor.elementor-drop-cap-view-stacked .elementor-drop-cap{background-color:#69727d;color:#fff}.elementor-widget-text-editor.elementor-drop-cap-view-framed .elementor-drop-cap{color:#69727d;border:3px solid;background-color:transparent}.elementor-widget-text-editor:not(.elementor-drop-cap-view-default) .elementor-drop-cap{margin-top:8px}.elementor-widget-text-editor:not(.elementor-drop-cap-view-default) .elementor-drop-cap-letter{width:1em;height:1em}.elementor-widget-text-editor .elementor-drop-cap{float:left;text-align:center;line-height:1;font-size:50px}.elementor-widget-text-editor .elementor-drop-cap-letter{display:inline-block}<\/style>\t\t\t\t<h1 class=\"wp-block-spacer\" style=\"height: 50px;\" aria-hidden=\"true\">\u00a0SECTION 12 u<\/h1>\n<p>\u00a0<\/p>\n<h6>coach : Iban Briones\u00a0<\/h6>\n<p><!-- \/wp:spacer --><\/p>\n<p><!-- wp:button {\"customBackgroundColor\":\"#0f529f\",\"borderRadius\":0,\"align\":\"center\"} --><\/p>\n<p><!-- \/wp:button --><\/p>\n<p><!-- wp:spacer {\"height\":50} --><\/p>\n<p><!-- \/wp:spacer --><\/p>\t\t\t\t\t\t<\/div>\n\t\t\t\t<\/div>\n\t\t\t\t<div class=\"elementor-element elementor-element-5565032 elementor-widget elementor-widget-text-editor\" data-id=\"5565032\" data-element_type=\"widget\" data-widget_type=\"text-editor.default\">\n\t\t\t\t<div class=\"elementor-widget-container\">\n\t\t\t\t\t\t\t<h2><span style=\"word-spacing: 0.2em;\">ENTRAINEMENTS\u00a0<\/span><\/h2>\n<p><span style=\"word-spacing: 0.2em;\">Mercredi : 14h \u00e0 16h30<\/span><\/p>\n<p><span style=\"word-spacing: 0.2em;\">Samedi : 10h \u00e0 12h30<\/span><\/p>\n<p><span style=\"word-spacing: 3.2px;\">(p\u00e9riode hivernale : entra\u00eenements \u00e0 la salle de sport du coll\u00e8ge L\u00e9onard de Vinci de 13h30 \u00e0 15h).<\/span><\/p>\n<p><span style=\"word-spacing: 3.2px;\">\u00a0<\/span><\/p>\n<h2><span style=\"word-spacing: 3.2px;\">TARIFS COTISATION CLUB\u00a0<\/span><\/h2>\n<p>moins de 18 ans comp\u00e9tition : 130\u20ac pour l\u2019ann\u00e9e (licence f\u00e9d\u00e9rale incluse)<\/p>\n<p>\u00a0<\/p>\n<p>Les tarifs des cotisations comprennent l\u2019assurance et le pr\u00eat du mat\u00e9riel.<\/p>\n<p>\u00a0<\/p>\t\t\t\t\t\t<\/div>\n\t\t\t\t<\/div>\n\t\t\t\t\t<\/div>\n\t\t<\/div>\n\t\t\t\t\t\t\t<\/div>\n\t\t<\/section>\n\t\t\t\t<section class=\"elementor-section elementor-top-section elementor-element elementor-element-ab292d3 elementor-section-boxed elementor-section-height-default elementor-section-height-default\" data-id=\"ab292d3\" data-element_type=\"section\">\n\t\t\t\t\t\t<div class=\"elementor-container elementor-column-gap-default\">\n\t\t\t\t\t<div class=\"elementor-column elementor-col-50 elementor-top-column elementor-element elementor-element-bf45dad\" data-id=\"bf45dad\" data-element_type=\"column\">\n\t\t\t<div class=\"elementor-widget-wrap\">\n\t\t\t\t\t\t\t\t\t<\/div>\n\t\t<\/div>\n\t\t\t\t<div class=\"elementor-column elementor-col-50 elementor-top-column elementor-element elementor-element-234736d\" data-id=\"234736d\" data-element_type=\"column\">\n\t\t\t<div class=\"elementor-widget-wrap elementor-element-populated\">\n\t\t\t\t\t\t\t\t<div class=\"elementor-element elementor-element-63ba403 elementor-align-center elementor-widget elementor-widget-button\" data-id=\"63ba403\" data-element_type=\"widget\" data-widget_type=\"button.default\">\n\t\t\t\t<div class=\"elementor-widget-container\">\n\t\t\t\t\t<div class=\"elementor-button-wrapper\">\n\t\t\t<a class=\"elementor-button elementor-button-link elementor-size-sm\" href=\"#\">\n\t\t\t\t\t\t<span class=\"elementor-button-content-wrapper\">\n\t\t\t\t\t\t<span class=\"elementor-button-text\">Rejoins-nous<\/span>\n\t\t<\/span>\n\t\t\t\t\t<\/a>\n\t\t<\/div>\n\t\t\t\t<\/div>\n\t\t\t\t<\/div>\n\t\t\t\t\t<\/div>\n\t\t<\/div>\n\t\t\t\t\t\t\t<\/div>\n\t\t<\/section>\n\t\t\t\t\t\t\t<\/div>\n\t\t","protected":false},"excerpt":{"rendered":"<p>\u00a0SECTION 12 u \u00a0 coach : Iban Briones\u00a0 ENTRAINEMENTS\u00a0 Mercredi : 14h \u00e0 16h30 Samedi : 10h \u00e0 12h30 (p\u00e9riode hivernale : entra\u00eenements \u00e0 la salle de sport du coll\u00e8ge L\u00e9onard de Vinci de 13h30 \u00e0 15h). \u00a0 TARIFS COTISATION CLUB\u00a0 moins de 18 ans comp\u00e9tition : 130\u20ac pour l\u2019ann\u00e9e (licence f\u00e9d\u00e9rale incluse) \u00a0 Les<\/p>\n<p><a class=\"read-more\" href=\"https:\/\/bluejays.fr\/?page_id=434\"> Lire Plus&#8230;<\/a><\/p>\n","protected":false},"author":3,"featured_media":4839,"parent":0,"menu_order":0,"comment_status":"closed","ping_status":"closed","template":"","meta":{"_bbp_topic_count":0,"_bbp_reply_count":0,"_bbp_total_topic_count":0,"_bbp_total_reply_count":0,"_bbp_voice_count":0,"_bbp_anonymous_reply_count":0,"_bbp_topic_count_hidden":0,"_bbp_reply_count_hidden":0,"_bbp_forum_subforum_count":0,"_monsterinsights_skip_tracking":false,"_monsterinsights_sitenote_active":false,"_monsterinsights_sitenote_note":"","_monsterinsights_sitenote_category":0,"_uf_show_specific_survey":0,"_uf_disable_surveys":false,"jetpack_post_was_ever_published":true,"footnotes":""},"class_list":["post-434","page","type-page","status-publish","has-post-thumbnail","hentry"],"aioseo_notices":[],"jetpack_shortlink":"https:\/\/wp.me\/P7l0w0-70","jetpack-related-posts":[{"id":296,"url":"https:\/\/bluejays.fr\/?page_id=296","url_meta":{"origin":434,"position":0},"title":"Notre \u00e9cole Baseball Jeunes &#8211; Section 9U","author":"Caro","date":"24\/09\/2014","format":false,"excerpt":"Section 9U Coach : Isabelle Nelet\u00a0 ENTRAINEMENTS : Mercredi : 14h \u00e0 16h30 Samedi : 10h \u00e0 12h30 (p\u00e9riode hivernale : entra\u00eenements \u00e0 la salle de sport du coll\u00e8ge L\u00e9onard de Vinci de 13h30 \u00e0 15h). Tarifs cotisations club moins de 18 ans comp\u00e9tition : 130\u20ac pour l\u2019ann\u00e9e (licence f\u00e9d\u00e9rale\u2026","rel":"","context":"Article similaire","block_context":{"text":"Article similaire","link":""},"img":{"alt_text":"","src":"https:\/\/i0.wp.com\/bluejays.fr\/wp-content\/uploads\/2024\/08\/IMG_1164.jpg?fit=1200%2C901&ssl=1&resize=350%2C200","width":350,"height":200,"srcset":"https:\/\/i0.wp.com\/bluejays.fr\/wp-content\/uploads\/2024\/08\/IMG_1164.jpg?fit=1200%2C901&ssl=1&resize=350%2C200 1x, https:\/\/i0.wp.com\/bluejays.fr\/wp-content\/uploads\/2024\/08\/IMG_1164.jpg?fit=1200%2C901&ssl=1&resize=525%2C300 1.5x, https:\/\/i0.wp.com\/bluejays.fr\/wp-content\/uploads\/2024\/08\/IMG_1164.jpg?fit=1200%2C901&ssl=1&resize=700%2C400 2x, https:\/\/i0.wp.com\/bluejays.fr\/wp-content\/uploads\/2024\/08\/IMG_1164.jpg?fit=1200%2C901&ssl=1&resize=1050%2C600 3x"},"classes":[]},{"id":300,"url":"https:\/\/bluejays.fr\/?page_id=300","url_meta":{"origin":434,"position":1},"title":"Notre \u00e9quipe Softball mixte","author":"Caro","date":"24\/09\/2014","format":false,"excerpt":"Section Softball Mixte Coach : L\u00e9a K\u00c9RANFLECH, Thibaud Gr\u00e8zes ENTRAINEMENTS : Lundi : 18h30 \u00e0 20h30\u00a0 Mercredi : 18h30 \u00e0 20h30 (p\u00e9riode hivernale : entra\u00eenements \u00e0 la salle de sport du coll\u00e8ge L\u00e9onard de Vinci de 18h45 \u00e0 20h45). \u00a0 Tarifs Licence annuelle Licence Loisir : 130\u20ac pour l'ann\u00e9e Licence\u2026","rel":"","context":"Article similaire","block_context":{"text":"Article similaire","link":""},"img":{"alt_text":"","src":"https:\/\/i0.wp.com\/bluejays.fr\/wp-content\/uploads\/2021\/09\/softball-2021.jpg?fit=960%2C768&ssl=1&resize=350%2C200","width":350,"height":200,"srcset":"https:\/\/i0.wp.com\/bluejays.fr\/wp-content\/uploads\/2021\/09\/softball-2021.jpg?fit=960%2C768&ssl=1&resize=350%2C200 1x, https:\/\/i0.wp.com\/bluejays.fr\/wp-content\/uploads\/2021\/09\/softball-2021.jpg?fit=960%2C768&ssl=1&resize=525%2C300 1.5x, https:\/\/i0.wp.com\/bluejays.fr\/wp-content\/uploads\/2021\/09\/softball-2021.jpg?fit=960%2C768&ssl=1&resize=700%2C400 2x"},"classes":[]},{"id":438,"url":"https:\/\/bluejays.fr\/?page_id=438","url_meta":{"origin":434,"position":2},"title":"Notre \u00e9cole Baseball Jeunes &#8211; Section 15U","author":"Caro","date":"29\/09\/2014","format":false,"excerpt":"Section 15U Coachs : Pierre Cuquel et Matt\u00e9o Vignollet\u00a0 Entra\u00eenements Mercredi : 16h30 \u00e0 18h30 Samedi 10h \u00e0 12h30 (p\u00e9riode hivernale : entra\u00eenements \u00e0 la salle de sport du coll\u00e8ge L\u00e9onard de Vinci de 15h \u00e0 16h30). moins de 18 ans comp\u00e9tition\u00a0: 130\u20ac pour l'ann\u00e9e (licence f\u00e9d\u00e9rale incluse) Les tarifs\u2026","rel":"","context":"Article similaire","block_context":{"text":"Article similaire","link":""},"img":{"alt_text":"","src":"https:\/\/i0.wp.com\/bluejays.fr\/wp-content\/uploads\/2025\/09\/WhatsApp-Image-2025-09-05-a-16.08.09_503c39b9.jpg?fit=1200%2C985&ssl=1&resize=350%2C200","width":350,"height":200,"srcset":"https:\/\/i0.wp.com\/bluejays.fr\/wp-content\/uploads\/2025\/09\/WhatsApp-Image-2025-09-05-a-16.08.09_503c39b9.jpg?fit=1200%2C985&ssl=1&resize=350%2C200 1x, https:\/\/i0.wp.com\/bluejays.fr\/wp-content\/uploads\/2025\/09\/WhatsApp-Image-2025-09-05-a-16.08.09_503c39b9.jpg?fit=1200%2C985&ssl=1&resize=525%2C300 1.5x, https:\/\/i0.wp.com\/bluejays.fr\/wp-content\/uploads\/2025\/09\/WhatsApp-Image-2025-09-05-a-16.08.09_503c39b9.jpg?fit=1200%2C985&ssl=1&resize=700%2C400 2x, https:\/\/i0.wp.com\/bluejays.fr\/wp-content\/uploads\/2025\/09\/WhatsApp-Image-2025-09-05-a-16.08.09_503c39b9.jpg?fit=1200%2C985&ssl=1&resize=1050%2C600 3x"},"classes":[]},{"id":111,"url":"https:\/\/bluejays.fr\/?page_id=111","url_meta":{"origin":434,"position":3},"title":"NOS EQUIPES Baseball Seniors &#8211; Division 3","author":"Caro","date":"13\/04\/2014","format":false,"excerpt":"Equipe 1 - D3 Coachs : Fr\u00e9d\u00e9ric Vignollet, Alban Debrais\u00a0 Entrainements Les mardi et jeudi de 18h30 \u00e0 20h30 (p\u00e9riode hivernale : entra\u00eenements \u00e0 la salle de sport du coll\u00e8ge L\u00e9onard de Vinci de 16h30 \u00e0 18h30). Tarifs cotisations club Senior +18 ans comp\u00e9tition\u00a0: 180\u20ac pour l'ann\u00e9e (licence f\u00e9d\u00e9rale incluse)\u2026","rel":"","context":"Article similaire","block_context":{"text":"Article similaire","link":""},"img":{"alt_text":"","src":"https:\/\/i0.wp.com\/bluejays.fr\/wp-content\/uploads\/2024\/08\/IMG_1161.jpg?fit=960%2C820&ssl=1&resize=350%2C200","width":350,"height":200,"srcset":"https:\/\/i0.wp.com\/bluejays.fr\/wp-content\/uploads\/2024\/08\/IMG_1161.jpg?fit=960%2C820&ssl=1&resize=350%2C200 1x, https:\/\/i0.wp.com\/bluejays.fr\/wp-content\/uploads\/2024\/08\/IMG_1161.jpg?fit=960%2C820&ssl=1&resize=525%2C300 1.5x, https:\/\/i0.wp.com\/bluejays.fr\/wp-content\/uploads\/2024\/08\/IMG_1161.jpg?fit=960%2C820&ssl=1&resize=700%2C400 2x"},"classes":[]},{"id":503,"url":"https:\/\/bluejays.fr\/?page_id=503","url_meta":{"origin":434,"position":4},"title":"NOS EQUIPES BASEBALL SENIORS &#8211; R3","author":"Caro","date":"30\/09\/2014","format":false,"excerpt":"Equipe R\u00e9gionale 3 Coachs :\u00a0 Paul Rapinat, Jean-S\u00e9bastien Gerbeau Entra\u00eenements Les mardi et jeudi de 18h30 \u00e0 20h30 (p\u00e9riode hivernale : entra\u00eenements \u00e0 la salle de sport du coll\u00e8ge L\u00e9onard de Vinci de 16h30 \u00e0 18h30). Tarifs cotisations club Senior +18 ans comp\u00e9tition\u00a0: 180\u20ac pour l'ann\u00e9e (licence f\u00e9d\u00e9rale incluse) Loisir\u2026","rel":"","context":"Article similaire","block_context":{"text":"Article similaire","link":""},"img":{"alt_text":"Equipe R2 St-aubin","src":"https:\/\/i0.wp.com\/bluejays.fr\/wp-content\/uploads\/2021\/09\/R2-2021.jpg?fit=960%2C720&ssl=1&resize=350%2C200","width":350,"height":200,"srcset":"https:\/\/i0.wp.com\/bluejays.fr\/wp-content\/uploads\/2021\/09\/R2-2021.jpg?fit=960%2C720&ssl=1&resize=350%2C200 1x, https:\/\/i0.wp.com\/bluejays.fr\/wp-content\/uploads\/2021\/09\/R2-2021.jpg?fit=960%2C720&ssl=1&resize=525%2C300 1.5x, https:\/\/i0.wp.com\/bluejays.fr\/wp-content\/uploads\/2021\/09\/R2-2021.jpg?fit=960%2C720&ssl=1&resize=700%2C400 2x"},"classes":[]},{"id":380,"url":"https:\/\/bluejays.fr\/?page_id=380","url_meta":{"origin":434,"position":5},"title":"Inscriptions","author":"Caro","date":"26\/09\/2014","format":false,"excerpt":"\u2666Tarifs cotisations annuelles 2025\/2026Jeune 9U\/12U\/15U comp\u00e9tition : 130\u20ac pour l'ann\u00e9eSeniorS et 18U comp\u00e9tition : 180\u20ac pour l'ann\u00e9eLoisir Senior : 130\u20ac pour l'ann\u00e9eLoisir Jeune : 110\u20ac pour l'ann\u00e9eLes tarifs des cotisations comprennent l'assurance, la licence f\u00e9d\u00e9rale et le pr\u00eat du mat\u00e9riel.InscriptionsPour toute nouvelle inscription ou renouvellement, merci de remplir le formulaire\u2026","rel":"","context":"Article similaire","block_context":{"text":"Article similaire","link":""},"img":{"alt_text":"","src":"","width":0,"height":0},"classes":[]}],"jetpack_sharing_enabled":true,"_links":{"self":[{"href":"https:\/\/bluejays.fr\/index.php?rest_route=\/wp\/v2\/pages\/434","targetHints":{"allow":["GET"]}}],"collection":[{"href":"https:\/\/bluejays.fr\/index.php?rest_route=\/wp\/v2\/pages"}],"about":[{"href":"https:\/\/bluejays.fr\/index.php?rest_route=\/wp\/v2\/types\/page"}],"author":[{"embeddable":true,"href":"https:\/\/bluejays.fr\/index.php?rest_route=\/wp\/v2\/users\/3"}],"replies":[{"embeddable":true,"href":"https:\/\/bluejays.fr\/index.php?rest_route=%2Fwp%2Fv2%2Fcomments&post=434"}],"version-history":[{"count":61,"href":"https:\/\/bluejays.fr\/index.php?rest_route=\/wp\/v2\/pages\/434\/revisions"}],"predecessor-version":[{"id":5051,"href":"https:\/\/bluejays.fr\/index.php?rest_route=\/wp\/v2\/pages\/434\/revisions\/5051"}],"wp:featuredmedia":[{"embeddable":true,"href":"https:\/\/bluejays.fr\/index.php?rest_route=\/wp\/v2\/media\/4839"}],"wp:attachment":[{"href":"https:\/\/bluejays.fr\/index.php?rest_route=%2Fwp%2Fv2%2Fmedia&parent=434"}],"curies":[{"name":"wp","href":"https:\/\/api.w.org\/{rel}","templated":true}]}}