{"id":380,"date":"2014-09-26T12:45:22","date_gmt":"2014-09-26T10:45:22","guid":{"rendered":"http:\/\/bluejays.fr\/?page_id=380"},"modified":"2025-11-14T14:11:59","modified_gmt":"2025-11-14T13:11:59","slug":"inscriptions","status":"publish","type":"page","link":"https:\/\/bluejays.fr\/?page_id=380","title":{"rendered":"Inscriptions"},"content":{"rendered":"\t\t<div data-elementor-type=\"wp-page\" data-elementor-id=\"380\" class=\"elementor elementor-380\">\n\t\t\t\t\t\t\t\t\t<section class=\"elementor-section elementor-top-section elementor-element elementor-element-26a16a50 elementor-section-boxed elementor-section-height-default elementor-section-height-default\" data-id=\"26a16a50\" data-element_type=\"section\">\n\t\t\t\t\t\t<div class=\"elementor-container elementor-column-gap-default\">\n\t\t\t\t\t<div class=\"elementor-column elementor-col-100 elementor-top-column elementor-element elementor-element-3fd1cd2a\" data-id=\"3fd1cd2a\" data-element_type=\"column\">\n\t\t\t<div class=\"elementor-widget-wrap elementor-element-populated\">\n\t\t\t\t\t\t\t\t<div class=\"elementor-element elementor-element-6fb9da0b elementor-widget elementor-widget-text-editor\" data-id=\"6fb9da0b\" data-element_type=\"widget\" data-widget_type=\"text-editor.default\">\n\t\t\t\t<div class=\"elementor-widget-container\">\n\t\t\t<style>\/*! elementor - v3.18.0 - 20-12-2023 *\/\n.elementor-widget-text-editor.elementor-drop-cap-view-stacked .elementor-drop-cap{background-color:#69727d;color:#fff}.elementor-widget-text-editor.elementor-drop-cap-view-framed .elementor-drop-cap{color:#69727d;border:3px solid;background-color:transparent}.elementor-widget-text-editor:not(.elementor-drop-cap-view-default) .elementor-drop-cap{margin-top:8px}.elementor-widget-text-editor:not(.elementor-drop-cap-view-default) .elementor-drop-cap-letter{width:1em;height:1em}.elementor-widget-text-editor .elementor-drop-cap{float:left;text-align:center;line-height:1;font-size:50px}.elementor-widget-text-editor .elementor-drop-cap-letter{display:inline-block}<\/style>\t\t\t\t<h3>\u2666Tarifs cotisations annuelles 2025\/2026<\/h3><p>Jeune 9U\/12U\/15U comp\u00e9tition : 130\u20ac pour l&rsquo;ann\u00e9e<\/p><p>SeniorS et 18U comp\u00e9tition : 180\u20ac pour l&rsquo;ann\u00e9e<\/p><p>Loisir Senior : 130\u20ac pour l&rsquo;ann\u00e9e<\/p><p>Loisir Jeune : 110\u20ac pour l&rsquo;ann\u00e9e<\/p><p>Les tarifs des cotisations comprennent l&rsquo;assurance, la licence f\u00e9d\u00e9rale et le pr\u00eat du mat\u00e9riel.<\/p><h3>Inscriptions<\/h3><p>Pour toute nouvelle inscription ou renouvellement, merci de remplir le formulaire d&rsquo;inscription de votre choix (<span style=\"color: #ff0000;\"><strong><a style=\"color: #ff0000;\" href=\"http:\/\/bluejays.fr\/wp-content\/uploads\/2025\/11\/formulaire-de-prise-de-licence-2026-majeur-1.pdf\">Inscription Majeur<\/a><\/strong><\/span>\u00a0\/ <span style=\"color: #ff0000;\"><strong><a style=\"color: #ff0000;\" href=\"http:\/\/bluejays.fr\/wp-content\/uploads\/2025\/11\/formulaire-de-prise-de-licence-2026-mineur-1.pdf\">Inscription Mineur<\/a><\/strong><\/span>), et de fournir :<\/p><p>\u2022 Un <span style=\"color: #151ec2;\"><strong>Certificat M\u00e9dical<\/strong><\/span> d\u2019aptitude \u00e0 la pratique du Baseball et\/ou Softball avec la mention en comp\u00e9tition.\u00a0<em>Il doit comporter obligatoirement : le num\u00e9ro d\u2019inscription \u00e0 l\u2019ordre des m\u00e9decins du praticien et la date d\u2019\u00e9tablissement du certificat.<\/em> (un certificat r\u00e9alis\u00e9 par la FFBS \u00e0 remplir par le m\u00e9decin est inclus dans le formulaire d&rsquo;inscription)<\/p><p>\u2022 Une <span style=\"color: #151ec2;\"><strong>photo<\/strong><\/span> au format .jpg \u00e0 envoyer par mail<\/p><p>\u2022 Une copie de la <span style=\"color: #333399;\"><strong>Pi\u00e8ce d&rsquo;identit\u00e9<\/strong><\/span> (a partir de 15 ans)<\/p><p>\u2022 R\u00e9gler sa <span style=\"color: #151ec2;\"><strong>Cotisation\/Licence annuelle<\/strong><\/span> (possibilit\u00e9 de r\u00e9gler en plusieurs fois) : esp\u00e8ce, ch\u00e8que, virement ou CB accept\u00e9 <a href=\"https:\/\/www.helloasso.com\/associations\/assam-baseball-blue-jays\/boutiques\/licenses-2026\">Lien paiement helloasso <\/a><\/p><p>Le tout a envoyer a <a href=\"mailto:stabluejays.president@gmail.com\">stabluejays.president@gmail.com<\/a><\/p>\t\t\t\t\t\t<\/div>\n\t\t\t\t<\/div>\n\t\t\t\t\t<\/div>\n\t\t<\/div>\n\t\t\t\t\t\t\t<\/div>\n\t\t<\/section>\n\t\t\t\t<section class=\"elementor-section elementor-top-section elementor-element elementor-element-6338cd1 elementor-section-boxed elementor-section-height-default elementor-section-height-default\" data-id=\"6338cd1\" data-element_type=\"section\">\n\t\t\t\t\t\t<div class=\"elementor-container elementor-column-gap-default\">\n\t\t\t\t\t<div class=\"elementor-column elementor-col-100 elementor-top-column elementor-element elementor-element-f80cfbf\" data-id=\"f80cfbf\" data-element_type=\"column\">\n\t\t\t<div class=\"elementor-widget-wrap elementor-element-populated\">\n\t\t\t\t\t\t\t\t<div class=\"elementor-element elementor-element-7130eba elementor-widget elementor-widget-heading\" data-id=\"7130eba\" data-element_type=\"widget\" data-widget_type=\"heading.default\">\n\t\t\t\t<div class=\"elementor-widget-container\">\n\t\t\t<style>\/*! elementor - v3.18.0 - 20-12-2023 *\/\n.elementor-heading-title{padding:0;margin:0;line-height:1}.elementor-widget-heading .elementor-heading-title[class*=elementor-size-]>a{color:inherit;font-size:inherit;line-height:inherit}.elementor-widget-heading .elementor-heading-title.elementor-size-small{font-size:15px}.elementor-widget-heading .elementor-heading-title.elementor-size-medium{font-size:19px}.elementor-widget-heading .elementor-heading-title.elementor-size-large{font-size:29px}.elementor-widget-heading .elementor-heading-title.elementor-size-xl{font-size:39px}.elementor-widget-heading .elementor-heading-title.elementor-size-xxl{font-size:59px}<\/style><h2 class=\"elementor-heading-title elementor-size-default\"><a href=\"https:\/\/www.helloasso.com\/associations\/assam-baseball-blue-jays\/formulaires\/1\">Vous voulez faire un don au club c'est ici <\/a><\/h2>\t\t<\/div>\n\t\t\t\t<\/div>\n\t\t\t\t\t<\/div>\n\t\t<\/div>\n\t\t\t\t\t\t\t<\/div>\n\t\t<\/section>\n\t\t\t\t\t\t\t<\/div>\n\t\t","protected":false},"excerpt":{"rendered":"<p>\u2666Tarifs cotisations annuelles 2025\/2026 Jeune 9U\/12U\/15U comp\u00e9tition : 130\u20ac pour l&rsquo;ann\u00e9e SeniorS et 18U comp\u00e9tition : 180\u20ac pour l&rsquo;ann\u00e9e Loisir Senior : 130\u20ac pour l&rsquo;ann\u00e9e Loisir Jeune : 110\u20ac pour l&rsquo;ann\u00e9e Les tarifs des cotisations comprennent l&rsquo;assurance, la licence f\u00e9d\u00e9rale et le pr\u00eat du mat\u00e9riel. Inscriptions Pour toute nouvelle inscription ou renouvellement, merci de remplir<\/p>\n<p><a class=\"read-more\" href=\"https:\/\/bluejays.fr\/?page_id=380\"> Lire Plus&#8230;<\/a><\/p>\n","protected":false},"author":3,"featured_media":0,"parent":0,"menu_order":0,"comment_status":"closed","ping_status":"closed","template":"","meta":{"_bbp_topic_count":0,"_bbp_reply_count":0,"_bbp_total_topic_count":0,"_bbp_total_reply_count":0,"_bbp_voice_count":0,"_bbp_anonymous_reply_count":0,"_bbp_topic_count_hidden":0,"_bbp_reply_count_hidden":0,"_bbp_forum_subforum_count":0,"_monsterinsights_skip_tracking":false,"_monsterinsights_sitenote_active":false,"_monsterinsights_sitenote_note":"","_monsterinsights_sitenote_category":0,"_uf_show_specific_survey":0,"_uf_disable_surveys":false,"jetpack_post_was_ever_published":false,"footnotes":""},"class_list":["post-380","page","type-page","status-publish","hentry"],"aioseo_notices":[],"jetpack_shortlink":"https:\/\/wp.me\/P7l0w0-68","jetpack-related-posts":[{"id":111,"url":"https:\/\/bluejays.fr\/?page_id=111","url_meta":{"origin":380,"position":0},"title":"NOS EQUIPES Baseball Seniors &#8211; Division 3","author":"Caro","date":"13\/04\/2014","format":false,"excerpt":"Equipe 1 - D3 Coachs : Fr\u00e9d\u00e9ric Vignollet, Alban Debrais\u00a0 Entrainements Les mardi et jeudi de 18h30 \u00e0 20h30 (p\u00e9riode hivernale : entra\u00eenements \u00e0 la salle de sport du coll\u00e8ge L\u00e9onard de Vinci de 16h30 \u00e0 18h30). Tarifs cotisations club Senior +18 ans comp\u00e9tition\u00a0: 180\u20ac pour l'ann\u00e9e (licence f\u00e9d\u00e9rale incluse)\u2026","rel":"","context":"Article similaire","block_context":{"text":"Article similaire","link":""},"img":{"alt_text":"","src":"https:\/\/i0.wp.com\/bluejays.fr\/wp-content\/uploads\/2024\/08\/IMG_1161.jpg?fit=960%2C820&ssl=1&resize=350%2C200","width":350,"height":200,"srcset":"https:\/\/i0.wp.com\/bluejays.fr\/wp-content\/uploads\/2024\/08\/IMG_1161.jpg?fit=960%2C820&ssl=1&resize=350%2C200 1x, https:\/\/i0.wp.com\/bluejays.fr\/wp-content\/uploads\/2024\/08\/IMG_1161.jpg?fit=960%2C820&ssl=1&resize=525%2C300 1.5x, https:\/\/i0.wp.com\/bluejays.fr\/wp-content\/uploads\/2024\/08\/IMG_1161.jpg?fit=960%2C820&ssl=1&resize=700%2C400 2x"},"classes":[]},{"id":503,"url":"https:\/\/bluejays.fr\/?page_id=503","url_meta":{"origin":380,"position":1},"title":"NOS EQUIPES BASEBALL SENIORS &#8211; R3","author":"Caro","date":"30\/09\/2014","format":false,"excerpt":"Equipe R\u00e9gionale 3 Coachs :\u00a0 Paul Rapinat, Jean-S\u00e9bastien Gerbeau Entra\u00eenements Les mardi et jeudi de 18h30 \u00e0 20h30 (p\u00e9riode hivernale : entra\u00eenements \u00e0 la salle de sport du coll\u00e8ge L\u00e9onard de Vinci de 16h30 \u00e0 18h30). Tarifs cotisations club Senior +18 ans comp\u00e9tition\u00a0: 180\u20ac pour l'ann\u00e9e (licence f\u00e9d\u00e9rale incluse) Loisir\u2026","rel":"","context":"Article similaire","block_context":{"text":"Article similaire","link":""},"img":{"alt_text":"Equipe R2 St-aubin","src":"https:\/\/i0.wp.com\/bluejays.fr\/wp-content\/uploads\/2021\/09\/R2-2021.jpg?fit=960%2C720&ssl=1&resize=350%2C200","width":350,"height":200,"srcset":"https:\/\/i0.wp.com\/bluejays.fr\/wp-content\/uploads\/2021\/09\/R2-2021.jpg?fit=960%2C720&ssl=1&resize=350%2C200 1x, https:\/\/i0.wp.com\/bluejays.fr\/wp-content\/uploads\/2021\/09\/R2-2021.jpg?fit=960%2C720&ssl=1&resize=525%2C300 1.5x, https:\/\/i0.wp.com\/bluejays.fr\/wp-content\/uploads\/2021\/09\/R2-2021.jpg?fit=960%2C720&ssl=1&resize=700%2C400 2x"},"classes":[]},{"id":296,"url":"https:\/\/bluejays.fr\/?page_id=296","url_meta":{"origin":380,"position":2},"title":"Notre \u00e9cole Baseball Jeunes &#8211; Section 9U","author":"Caro","date":"24\/09\/2014","format":false,"excerpt":"Section 9U Coach : Isabelle Nelet\u00a0 ENTRAINEMENTS : Mercredi : 14h \u00e0 16h30 Samedi : 10h \u00e0 12h30 (p\u00e9riode hivernale : entra\u00eenements \u00e0 la salle de sport du coll\u00e8ge L\u00e9onard de Vinci de 13h30 \u00e0 15h). Tarifs cotisations club moins de 18 ans comp\u00e9tition : 130\u20ac pour l\u2019ann\u00e9e (licence f\u00e9d\u00e9rale\u2026","rel":"","context":"Article similaire","block_context":{"text":"Article similaire","link":""},"img":{"alt_text":"","src":"https:\/\/i0.wp.com\/bluejays.fr\/wp-content\/uploads\/2024\/08\/IMG_1164.jpg?fit=1200%2C901&ssl=1&resize=350%2C200","width":350,"height":200,"srcset":"https:\/\/i0.wp.com\/bluejays.fr\/wp-content\/uploads\/2024\/08\/IMG_1164.jpg?fit=1200%2C901&ssl=1&resize=350%2C200 1x, https:\/\/i0.wp.com\/bluejays.fr\/wp-content\/uploads\/2024\/08\/IMG_1164.jpg?fit=1200%2C901&ssl=1&resize=525%2C300 1.5x, https:\/\/i0.wp.com\/bluejays.fr\/wp-content\/uploads\/2024\/08\/IMG_1164.jpg?fit=1200%2C901&ssl=1&resize=700%2C400 2x, https:\/\/i0.wp.com\/bluejays.fr\/wp-content\/uploads\/2024\/08\/IMG_1164.jpg?fit=1200%2C901&ssl=1&resize=1050%2C600 3x"},"classes":[]},{"id":434,"url":"https:\/\/bluejays.fr\/?page_id=434","url_meta":{"origin":380,"position":3},"title":"Notre \u00e9cole baseball jeunes Section 12U","author":"Caro","date":"29\/09\/2014","format":false,"excerpt":"\u00a0SECTION 12 u \u00a0 coach : Iban Briones\u00a0 ENTRAINEMENTS\u00a0 Mercredi : 14h \u00e0 16h30 Samedi : 10h \u00e0 12h30 (p\u00e9riode hivernale : entra\u00eenements \u00e0 la salle de sport du coll\u00e8ge L\u00e9onard de Vinci de 13h30 \u00e0 15h). \u00a0 TARIFS COTISATION CLUB\u00a0 moins de 18 ans comp\u00e9tition : 130\u20ac pour l\u2019ann\u00e9e\u2026","rel":"","context":"Article similaire","block_context":{"text":"Article similaire","link":""},"img":{"alt_text":"","src":"https:\/\/i0.wp.com\/bluejays.fr\/wp-content\/uploads\/2024\/02\/DSC05980-copy-scaled.jpg?fit=1200%2C802&ssl=1&resize=350%2C200","width":350,"height":200,"srcset":"https:\/\/i0.wp.com\/bluejays.fr\/wp-content\/uploads\/2024\/02\/DSC05980-copy-scaled.jpg?fit=1200%2C802&ssl=1&resize=350%2C200 1x, https:\/\/i0.wp.com\/bluejays.fr\/wp-content\/uploads\/2024\/02\/DSC05980-copy-scaled.jpg?fit=1200%2C802&ssl=1&resize=525%2C300 1.5x, https:\/\/i0.wp.com\/bluejays.fr\/wp-content\/uploads\/2024\/02\/DSC05980-copy-scaled.jpg?fit=1200%2C802&ssl=1&resize=700%2C400 2x, https:\/\/i0.wp.com\/bluejays.fr\/wp-content\/uploads\/2024\/02\/DSC05980-copy-scaled.jpg?fit=1200%2C802&ssl=1&resize=1050%2C600 3x"},"classes":[]},{"id":438,"url":"https:\/\/bluejays.fr\/?page_id=438","url_meta":{"origin":380,"position":4},"title":"Notre \u00e9cole Baseball Jeunes &#8211; Section 15U","author":"Caro","date":"29\/09\/2014","format":false,"excerpt":"Section 15U Coachs : Pierre Cuquel et Matt\u00e9o Vignollet\u00a0 Entra\u00eenements Mercredi : 16h30 \u00e0 18h30 Samedi 10h \u00e0 12h30 (p\u00e9riode hivernale : entra\u00eenements \u00e0 la salle de sport du coll\u00e8ge L\u00e9onard de Vinci de 15h \u00e0 16h30). moins de 18 ans comp\u00e9tition\u00a0: 130\u20ac pour l'ann\u00e9e (licence f\u00e9d\u00e9rale incluse) Les tarifs\u2026","rel":"","context":"Article similaire","block_context":{"text":"Article similaire","link":""},"img":{"alt_text":"","src":"https:\/\/i0.wp.com\/bluejays.fr\/wp-content\/uploads\/2025\/09\/WhatsApp-Image-2025-09-05-a-16.08.09_503c39b9.jpg?fit=1200%2C985&ssl=1&resize=350%2C200","width":350,"height":200,"srcset":"https:\/\/i0.wp.com\/bluejays.fr\/wp-content\/uploads\/2025\/09\/WhatsApp-Image-2025-09-05-a-16.08.09_503c39b9.jpg?fit=1200%2C985&ssl=1&resize=350%2C200 1x, https:\/\/i0.wp.com\/bluejays.fr\/wp-content\/uploads\/2025\/09\/WhatsApp-Image-2025-09-05-a-16.08.09_503c39b9.jpg?fit=1200%2C985&ssl=1&resize=525%2C300 1.5x, https:\/\/i0.wp.com\/bluejays.fr\/wp-content\/uploads\/2025\/09\/WhatsApp-Image-2025-09-05-a-16.08.09_503c39b9.jpg?fit=1200%2C985&ssl=1&resize=700%2C400 2x, https:\/\/i0.wp.com\/bluejays.fr\/wp-content\/uploads\/2025\/09\/WhatsApp-Image-2025-09-05-a-16.08.09_503c39b9.jpg?fit=1200%2C985&ssl=1&resize=1050%2C600 3x"},"classes":[]},{"id":300,"url":"https:\/\/bluejays.fr\/?page_id=300","url_meta":{"origin":380,"position":5},"title":"Notre \u00e9quipe Softball mixte","author":"Caro","date":"24\/09\/2014","format":false,"excerpt":"Section Softball Mixte Coach : L\u00e9a K\u00c9RANFLECH, Thibaud Gr\u00e8zes ENTRAINEMENTS : Lundi : 18h30 \u00e0 20h30\u00a0 Mercredi : 18h30 \u00e0 20h30 (p\u00e9riode hivernale : entra\u00eenements \u00e0 la salle de sport du coll\u00e8ge L\u00e9onard de Vinci de 18h45 \u00e0 20h45). \u00a0 Tarifs Licence annuelle Licence Loisir : 130\u20ac pour l'ann\u00e9e Licence\u2026","rel":"","context":"Article similaire","block_context":{"text":"Article similaire","link":""},"img":{"alt_text":"","src":"https:\/\/i0.wp.com\/bluejays.fr\/wp-content\/uploads\/2021\/09\/softball-2021.jpg?fit=960%2C768&ssl=1&resize=350%2C200","width":350,"height":200,"srcset":"https:\/\/i0.wp.com\/bluejays.fr\/wp-content\/uploads\/2021\/09\/softball-2021.jpg?fit=960%2C768&ssl=1&resize=350%2C200 1x, https:\/\/i0.wp.com\/bluejays.fr\/wp-content\/uploads\/2021\/09\/softball-2021.jpg?fit=960%2C768&ssl=1&resize=525%2C300 1.5x, https:\/\/i0.wp.com\/bluejays.fr\/wp-content\/uploads\/2021\/09\/softball-2021.jpg?fit=960%2C768&ssl=1&resize=700%2C400 2x"},"classes":[]}],"jetpack_sharing_enabled":true,"_links":{"self":[{"href":"https:\/\/bluejays.fr\/index.php?rest_route=\/wp\/v2\/pages\/380","targetHints":{"allow":["GET"]}}],"collection":[{"href":"https:\/\/bluejays.fr\/index.php?rest_route=\/wp\/v2\/pages"}],"about":[{"href":"https:\/\/bluejays.fr\/index.php?rest_route=\/wp\/v2\/types\/page"}],"author":[{"embeddable":true,"href":"https:\/\/bluejays.fr\/index.php?rest_route=\/wp\/v2\/users\/3"}],"replies":[{"embeddable":true,"href":"https:\/\/bluejays.fr\/index.php?rest_route=%2Fwp%2Fv2%2Fcomments&post=380"}],"version-history":[{"count":116,"href":"https:\/\/bluejays.fr\/index.php?rest_route=\/wp\/v2\/pages\/380\/revisions"}],"predecessor-version":[{"id":5126,"href":"https:\/\/bluejays.fr\/index.php?rest_route=\/wp\/v2\/pages\/380\/revisions\/5126"}],"wp:attachment":[{"href":"https:\/\/bluejays.fr\/index.php?rest_route=%2Fwp%2Fv2%2Fmedia&parent=380"}],"curies":[{"name":"wp","href":"https:\/\/api.w.org\/{rel}","templated":true}]}}