{"id":2613,"date":"2019-04-02T17:53:51","date_gmt":"2019-04-02T15:53:51","guid":{"rendered":"http:\/\/bluejays.fr\/?page_id=2613"},"modified":"2021-09-20T16:22:16","modified_gmt":"2021-09-20T14:22:16","slug":"resultats-et-classement-d2-2019","status":"publish","type":"page","link":"https:\/\/bluejays.fr\/?page_id=2613","title":{"rendered":"R\u00e9sultats et classement D2"},"content":{"rendered":"\n<iframe src=\"http:\/\/www.stats.ffbs.fr\/2021\/division2\/resultats.php\" width=\"100%\" height=\"800\" sandbox=\"\">\n  <p>\n    <a href=\"http:\/\/www.stats.ffbs.fr\/2020\/summer\/resultats.php\">\n      Un lien \u00e0 utiliser dans les cas o\u00f9 les navigateurs ne supportent\n      pas les <i>iframes<\/i>.\n    <\/a>\n  <\/p>\n<\/iframe>\n","protected":false},"excerpt":{"rendered":"<p>Un lien \u00e0 utiliser dans les cas o\u00f9 les navigateurs ne supportent pas les iframes.<\/p>\n","protected":false},"author":3,"featured_media":0,"parent":0,"menu_order":0,"comment_status":"closed","ping_status":"closed","template":"","meta":{"_bbp_topic_count":0,"_bbp_reply_count":0,"_bbp_total_topic_count":0,"_bbp_total_reply_count":0,"_bbp_voice_count":0,"_bbp_anonymous_reply_count":0,"_bbp_topic_count_hidden":0,"_bbp_reply_count_hidden":0,"_bbp_forum_subforum_count":0,"_monsterinsights_skip_tracking":false,"_monsterinsights_sitenote_active":false,"_monsterinsights_sitenote_note":"","_monsterinsights_sitenote_category":0,"_uf_show_specific_survey":0,"_uf_disable_surveys":false,"jetpack_post_was_ever_published":false,"footnotes":""},"class_list":["post-2613","page","type-page","status-publish","hentry"],"aioseo_notices":[],"jetpack_shortlink":"https:\/\/wp.me\/P7l0w0-G9","jetpack-related-posts":[{"id":3001,"url":"https:\/\/bluejays.fr\/","url_meta":{"origin":2613,"position":0},"title":"Accueil","author":"Caro","date":"31\/01\/2020","format":false,"excerpt":"\u00a0 Les Blue Jays de Saint-Aubin de M\u00e9doc \u00a0 Suivez notre actualit\u00e9 : \u00a0 Nous \u00e9voluons depuis 1993 dans les championnats R\u00e9gional et National Viens jouer au Baseball ou au Softball ! Je m'inscris Choisis l'\u00e9quipe qui te convient, Baseball S\u00e9nior, Junior ou Softball, en loisir ou comp\u00e9tition. \u00a0 Contact\u2026","rel":"","context":"Article similaire","block_context":{"text":"Article similaire","link":""},"img":{"alt_text":"Instagram Blue Jays","src":"https:\/\/i0.wp.com\/bluejays.fr\/wp-content\/uploads\/2020\/02\/Instagram-1.png?resize=350%2C200","width":350,"height":200},"classes":[]},{"id":380,"url":"https:\/\/bluejays.fr\/?page_id=380","url_meta":{"origin":2613,"position":1},"title":"Inscriptions","author":"Caro","date":"26\/09\/2014","format":false,"excerpt":"\u2666Tarifs cotisations annuelles 2025\/2026Jeune 9U\/12U\/15U comp\u00e9tition : 130\u20ac pour l'ann\u00e9eSeniorS et 18U comp\u00e9tition : 180\u20ac pour l'ann\u00e9eLoisir Senior : 130\u20ac pour l'ann\u00e9eLoisir Jeune : 110\u20ac pour l'ann\u00e9eLes tarifs des cotisations comprennent l'assurance, la licence f\u00e9d\u00e9rale et le pr\u00eat du mat\u00e9riel.InscriptionsPour toute nouvelle inscription ou renouvellement, merci de remplir le formulaire\u2026","rel":"","context":"Article similaire","block_context":{"text":"Article similaire","link":""},"img":{"alt_text":"","src":"","width":0,"height":0},"classes":[]},{"id":102,"url":"https:\/\/bluejays.fr\/?page_id=102","url_meta":{"origin":2613,"position":2},"title":"Historique","author":"Caro","date":"12\/04\/2014","format":false,"excerpt":"Le Club de Baseball de Saint Aubin de M\u00e9doc Un club qui rassemble plus de 100 sportifs de tous \u00e2ges et de tous niveaux partageant la m\u00eame passion pour le baseball et le softball. 6 \u00e9quipes engag\u00e9es en championnat : 9U \/ 12U \/ 15U \/ 18U \/ R1 et\u2026","rel":"","context":"Article similaire","block_context":{"text":"Article similaire","link":""},"img":{"alt_text":"","src":"","width":0,"height":0},"classes":[]},{"id":111,"url":"https:\/\/bluejays.fr\/?page_id=111","url_meta":{"origin":2613,"position":3},"title":"NOS EQUIPES Baseball Seniors &#8211; Division 3","author":"Caro","date":"13\/04\/2014","format":false,"excerpt":"Equipe 1 - D3 Coachs : Fr\u00e9d\u00e9ric Vignollet, Alban Debrais\u00a0 Entrainements Les mardi et jeudi de 18h30 \u00e0 20h30 (p\u00e9riode hivernale : entra\u00eenements \u00e0 la salle de sport du coll\u00e8ge L\u00e9onard de Vinci de 16h30 \u00e0 18h30). Tarifs cotisations club Senior +18 ans comp\u00e9tition\u00a0: 180\u20ac pour l'ann\u00e9e (licence f\u00e9d\u00e9rale incluse)\u2026","rel":"","context":"Article similaire","block_context":{"text":"Article similaire","link":""},"img":{"alt_text":"","src":"https:\/\/i0.wp.com\/bluejays.fr\/wp-content\/uploads\/2024\/08\/IMG_1161.jpg?fit=960%2C820&ssl=1&resize=350%2C200","width":350,"height":200,"srcset":"https:\/\/i0.wp.com\/bluejays.fr\/wp-content\/uploads\/2024\/08\/IMG_1161.jpg?fit=960%2C820&ssl=1&resize=350%2C200 1x, https:\/\/i0.wp.com\/bluejays.fr\/wp-content\/uploads\/2024\/08\/IMG_1161.jpg?fit=960%2C820&ssl=1&resize=525%2C300 1.5x, https:\/\/i0.wp.com\/bluejays.fr\/wp-content\/uploads\/2024\/08\/IMG_1161.jpg?fit=960%2C820&ssl=1&resize=700%2C400 2x"},"classes":[]},{"id":503,"url":"https:\/\/bluejays.fr\/?page_id=503","url_meta":{"origin":2613,"position":4},"title":"NOS EQUIPES BASEBALL SENIORS &#8211; R3","author":"Caro","date":"30\/09\/2014","format":false,"excerpt":"Equipe R\u00e9gionale 3 Coachs :\u00a0 Paul Rapinat, Jean-S\u00e9bastien Gerbeau Entra\u00eenements Les mardi et jeudi de 18h30 \u00e0 20h30 (p\u00e9riode hivernale : entra\u00eenements \u00e0 la salle de sport du coll\u00e8ge L\u00e9onard de Vinci de 16h30 \u00e0 18h30). Tarifs cotisations club Senior +18 ans comp\u00e9tition\u00a0: 180\u20ac pour l'ann\u00e9e (licence f\u00e9d\u00e9rale incluse) Loisir\u2026","rel":"","context":"Article similaire","block_context":{"text":"Article similaire","link":""},"img":{"alt_text":"Equipe R2 St-aubin","src":"https:\/\/i0.wp.com\/bluejays.fr\/wp-content\/uploads\/2021\/09\/R2-2021.jpg?fit=960%2C720&ssl=1&resize=350%2C200","width":350,"height":200,"srcset":"https:\/\/i0.wp.com\/bluejays.fr\/wp-content\/uploads\/2021\/09\/R2-2021.jpg?fit=960%2C720&ssl=1&resize=350%2C200 1x, https:\/\/i0.wp.com\/bluejays.fr\/wp-content\/uploads\/2021\/09\/R2-2021.jpg?fit=960%2C720&ssl=1&resize=525%2C300 1.5x, https:\/\/i0.wp.com\/bluejays.fr\/wp-content\/uploads\/2021\/09\/R2-2021.jpg?fit=960%2C720&ssl=1&resize=700%2C400 2x"},"classes":[]},{"id":438,"url":"https:\/\/bluejays.fr\/?page_id=438","url_meta":{"origin":2613,"position":5},"title":"Notre \u00e9cole Baseball Jeunes &#8211; Section 15U","author":"Caro","date":"29\/09\/2014","format":false,"excerpt":"Section 15U Coachs : Pierre Cuquel et Matt\u00e9o Vignollet\u00a0 Entra\u00eenements Mercredi : 16h30 \u00e0 18h30 Samedi 10h \u00e0 12h30 (p\u00e9riode hivernale : entra\u00eenements \u00e0 la salle de sport du coll\u00e8ge L\u00e9onard de Vinci de 15h \u00e0 16h30). moins de 18 ans comp\u00e9tition\u00a0: 130\u20ac pour l'ann\u00e9e (licence f\u00e9d\u00e9rale incluse) Les tarifs\u2026","rel":"","context":"Article similaire","block_context":{"text":"Article similaire","link":""},"img":{"alt_text":"","src":"https:\/\/i0.wp.com\/bluejays.fr\/wp-content\/uploads\/2025\/09\/WhatsApp-Image-2025-09-05-a-16.08.09_503c39b9.jpg?fit=1200%2C985&ssl=1&resize=350%2C200","width":350,"height":200,"srcset":"https:\/\/i0.wp.com\/bluejays.fr\/wp-content\/uploads\/2025\/09\/WhatsApp-Image-2025-09-05-a-16.08.09_503c39b9.jpg?fit=1200%2C985&ssl=1&resize=350%2C200 1x, https:\/\/i0.wp.com\/bluejays.fr\/wp-content\/uploads\/2025\/09\/WhatsApp-Image-2025-09-05-a-16.08.09_503c39b9.jpg?fit=1200%2C985&ssl=1&resize=525%2C300 1.5x, https:\/\/i0.wp.com\/bluejays.fr\/wp-content\/uploads\/2025\/09\/WhatsApp-Image-2025-09-05-a-16.08.09_503c39b9.jpg?fit=1200%2C985&ssl=1&resize=700%2C400 2x, https:\/\/i0.wp.com\/bluejays.fr\/wp-content\/uploads\/2025\/09\/WhatsApp-Image-2025-09-05-a-16.08.09_503c39b9.jpg?fit=1200%2C985&ssl=1&resize=1050%2C600 3x"},"classes":[]}],"jetpack_sharing_enabled":true,"_links":{"self":[{"href":"https:\/\/bluejays.fr\/index.php?rest_route=\/wp\/v2\/pages\/2613","targetHints":{"allow":["GET"]}}],"collection":[{"href":"https:\/\/bluejays.fr\/index.php?rest_route=\/wp\/v2\/pages"}],"about":[{"href":"https:\/\/bluejays.fr\/index.php?rest_route=\/wp\/v2\/types\/page"}],"author":[{"embeddable":true,"href":"https:\/\/bluejays.fr\/index.php?rest_route=\/wp\/v2\/users\/3"}],"replies":[{"embeddable":true,"href":"https:\/\/bluejays.fr\/index.php?rest_route=%2Fwp%2Fv2%2Fcomments&post=2613"}],"version-history":[{"count":9,"href":"https:\/\/bluejays.fr\/index.php?rest_route=\/wp\/v2\/pages\/2613\/revisions"}],"predecessor-version":[{"id":4687,"href":"https:\/\/bluejays.fr\/index.php?rest_route=\/wp\/v2\/pages\/2613\/revisions\/4687"}],"wp:attachment":[{"href":"https:\/\/bluejays.fr\/index.php?rest_route=%2Fwp%2Fv2%2Fmedia&parent=2613"}],"curies":[{"name":"wp","href":"https:\/\/api.w.org\/{rel}","templated":true}]}}