{"id":111,"date":"2014-04-13T14:17:50","date_gmt":"2014-04-13T14:17:50","guid":{"rendered":"http:\/\/sporty-wp.wp4life.com\/?page_id=111"},"modified":"2025-09-28T21:58:53","modified_gmt":"2025-09-28T19:58:53","slug":"our-team","status":"publish","type":"page","link":"https:\/\/bluejays.fr\/?page_id=111","title":{"rendered":"NOS EQUIPES Baseball Seniors &#8211; Division 3"},"content":{"rendered":"<h1>Equipe 1 &#8211; D3<\/h1>\n<p><strong>Coachs :<\/strong> Fr\u00e9d\u00e9ric Vignollet, Alban Debrais\u00a0<\/p>\n<h3>Entrainements<\/h3>\n<p>Les mardi et jeudi de 18h30 \u00e0 20h30<\/p>\n<p>(p\u00e9riode hivernale : entra\u00eenements \u00e0 la salle de sport du coll\u00e8ge L\u00e9onard de Vinci de 16h30 \u00e0 18h30).<\/p>\n<p>Tarifs cotisations club<\/p>\n<p>Senior +18 ans comp\u00e9tition\u00a0: 180\u20ac pour l&rsquo;ann\u00e9e (licence f\u00e9d\u00e9rale incluse)<\/p>\n<p>Loisir : 130\u20ac pour l&rsquo;ann\u00e9e<\/p>\n<p>Les tarifs des cotisations\u00a0comprennent l&rsquo;assurance et le pr\u00eat du mat\u00e9riel.<\/p>\n\n\n<\/p>\n<a style=\"background-color: #0f529f;\" href=\"http:\/\/bluejays.fr\/?page_id=380\">Je m&rsquo;inscris<\/a>\n<p>\n\n\n<\/p>","protected":false},"excerpt":{"rendered":"<p>Equipe 1 &#8211; D3 Coachs : Fr\u00e9d\u00e9ric Vignollet, Alban Debrais\u00a0 Entrainements Les mardi et jeudi de 18h30 \u00e0 20h30 (p\u00e9riode hivernale : entra\u00eenements \u00e0 la salle de sport du coll\u00e8ge L\u00e9onard de Vinci de 16h30 \u00e0 18h30). Tarifs cotisations club Senior +18 ans comp\u00e9tition\u00a0: 180\u20ac pour l&rsquo;ann\u00e9e (licence f\u00e9d\u00e9rale incluse) Loisir : 130\u20ac pour l&rsquo;ann\u00e9e<\/p>\n<p><a class=\"read-more\" href=\"https:\/\/bluejays.fr\/?page_id=111\"> Lire Plus&#8230;<\/a><\/p>\n","protected":false},"author":3,"featured_media":4940,"parent":0,"menu_order":0,"comment_status":"open","ping_status":"closed","template":"","meta":{"_bbp_topic_count":0,"_bbp_reply_count":0,"_bbp_total_topic_count":0,"_bbp_total_reply_count":0,"_bbp_voice_count":0,"_bbp_anonymous_reply_count":0,"_bbp_topic_count_hidden":0,"_bbp_reply_count_hidden":0,"_bbp_forum_subforum_count":0,"_monsterinsights_skip_tracking":false,"_monsterinsights_sitenote_active":false,"_monsterinsights_sitenote_note":"","_monsterinsights_sitenote_category":0,"_uf_show_specific_survey":0,"_uf_disable_surveys":false,"jetpack_post_was_ever_published":false,"footnotes":""},"class_list":["post-111","page","type-page","status-publish","has-post-thumbnail","hentry"],"aioseo_notices":[],"jetpack_shortlink":"https:\/\/wp.me\/P7l0w0-1N","jetpack-related-posts":[{"id":503,"url":"https:\/\/bluejays.fr\/?page_id=503","url_meta":{"origin":111,"position":0},"title":"NOS EQUIPES BASEBALL SENIORS &#8211; R3","author":"Caro","date":"30\/09\/2014","format":false,"excerpt":"Equipe R\u00e9gionale 3 Coachs :\u00a0 Paul Rapinat, Jean-S\u00e9bastien Gerbeau Entra\u00eenements Les mardi et jeudi de 18h30 \u00e0 20h30 (p\u00e9riode hivernale : entra\u00eenements \u00e0 la salle de sport du coll\u00e8ge L\u00e9onard de Vinci de 16h30 \u00e0 18h30). Tarifs cotisations club Senior +18 ans comp\u00e9tition\u00a0: 180\u20ac pour l'ann\u00e9e (licence f\u00e9d\u00e9rale incluse) Loisir\u2026","rel":"","context":"Article similaire","block_context":{"text":"Article similaire","link":""},"img":{"alt_text":"Equipe R2 St-aubin","src":"https:\/\/i0.wp.com\/bluejays.fr\/wp-content\/uploads\/2021\/09\/R2-2021.jpg?fit=960%2C720&ssl=1&resize=350%2C200","width":350,"height":200,"srcset":"https:\/\/i0.wp.com\/bluejays.fr\/wp-content\/uploads\/2021\/09\/R2-2021.jpg?fit=960%2C720&ssl=1&resize=350%2C200 1x, https:\/\/i0.wp.com\/bluejays.fr\/wp-content\/uploads\/2021\/09\/R2-2021.jpg?fit=960%2C720&ssl=1&resize=525%2C300 1.5x, https:\/\/i0.wp.com\/bluejays.fr\/wp-content\/uploads\/2021\/09\/R2-2021.jpg?fit=960%2C720&ssl=1&resize=700%2C400 2x"},"classes":[]},{"id":438,"url":"https:\/\/bluejays.fr\/?page_id=438","url_meta":{"origin":111,"position":1},"title":"Notre \u00e9cole Baseball Jeunes &#8211; Section 15U","author":"Caro","date":"29\/09\/2014","format":false,"excerpt":"Section 15U Coachs : Pierre Cuquel et Matt\u00e9o Vignollet\u00a0 Entra\u00eenements Mercredi : 16h30 \u00e0 18h30 Samedi 10h \u00e0 12h30 (p\u00e9riode hivernale : entra\u00eenements \u00e0 la salle de sport du coll\u00e8ge L\u00e9onard de Vinci de 15h \u00e0 16h30). moins de 18 ans comp\u00e9tition\u00a0: 130\u20ac pour l'ann\u00e9e (licence f\u00e9d\u00e9rale incluse) Les tarifs\u2026","rel":"","context":"Article similaire","block_context":{"text":"Article similaire","link":""},"img":{"alt_text":"","src":"https:\/\/i0.wp.com\/bluejays.fr\/wp-content\/uploads\/2025\/09\/WhatsApp-Image-2025-09-05-a-16.08.09_503c39b9.jpg?fit=1200%2C985&ssl=1&resize=350%2C200","width":350,"height":200,"srcset":"https:\/\/i0.wp.com\/bluejays.fr\/wp-content\/uploads\/2025\/09\/WhatsApp-Image-2025-09-05-a-16.08.09_503c39b9.jpg?fit=1200%2C985&ssl=1&resize=350%2C200 1x, https:\/\/i0.wp.com\/bluejays.fr\/wp-content\/uploads\/2025\/09\/WhatsApp-Image-2025-09-05-a-16.08.09_503c39b9.jpg?fit=1200%2C985&ssl=1&resize=525%2C300 1.5x, https:\/\/i0.wp.com\/bluejays.fr\/wp-content\/uploads\/2025\/09\/WhatsApp-Image-2025-09-05-a-16.08.09_503c39b9.jpg?fit=1200%2C985&ssl=1&resize=700%2C400 2x, https:\/\/i0.wp.com\/bluejays.fr\/wp-content\/uploads\/2025\/09\/WhatsApp-Image-2025-09-05-a-16.08.09_503c39b9.jpg?fit=1200%2C985&ssl=1&resize=1050%2C600 3x"},"classes":[]},{"id":296,"url":"https:\/\/bluejays.fr\/?page_id=296","url_meta":{"origin":111,"position":2},"title":"Notre \u00e9cole Baseball Jeunes &#8211; Section 9U","author":"Caro","date":"24\/09\/2014","format":false,"excerpt":"Section 9U Coach : Isabelle Nelet\u00a0 ENTRAINEMENTS : Mercredi : 14h \u00e0 16h30 Samedi : 10h \u00e0 12h30 (p\u00e9riode hivernale : entra\u00eenements \u00e0 la salle de sport du coll\u00e8ge L\u00e9onard de Vinci de 13h30 \u00e0 15h). Tarifs cotisations club moins de 18 ans comp\u00e9tition : 130\u20ac pour l\u2019ann\u00e9e (licence f\u00e9d\u00e9rale\u2026","rel":"","context":"Article similaire","block_context":{"text":"Article similaire","link":""},"img":{"alt_text":"","src":"https:\/\/i0.wp.com\/bluejays.fr\/wp-content\/uploads\/2024\/08\/IMG_1164.jpg?fit=1200%2C901&ssl=1&resize=350%2C200","width":350,"height":200,"srcset":"https:\/\/i0.wp.com\/bluejays.fr\/wp-content\/uploads\/2024\/08\/IMG_1164.jpg?fit=1200%2C901&ssl=1&resize=350%2C200 1x, https:\/\/i0.wp.com\/bluejays.fr\/wp-content\/uploads\/2024\/08\/IMG_1164.jpg?fit=1200%2C901&ssl=1&resize=525%2C300 1.5x, https:\/\/i0.wp.com\/bluejays.fr\/wp-content\/uploads\/2024\/08\/IMG_1164.jpg?fit=1200%2C901&ssl=1&resize=700%2C400 2x, https:\/\/i0.wp.com\/bluejays.fr\/wp-content\/uploads\/2024\/08\/IMG_1164.jpg?fit=1200%2C901&ssl=1&resize=1050%2C600 3x"},"classes":[]},{"id":300,"url":"https:\/\/bluejays.fr\/?page_id=300","url_meta":{"origin":111,"position":3},"title":"Notre \u00e9quipe Softball mixte","author":"Caro","date":"24\/09\/2014","format":false,"excerpt":"Section Softball Mixte Coach : L\u00e9a K\u00c9RANFLECH, Thibaud Gr\u00e8zes ENTRAINEMENTS : Lundi : 18h30 \u00e0 20h30\u00a0 Mercredi : 18h30 \u00e0 20h30 (p\u00e9riode hivernale : entra\u00eenements \u00e0 la salle de sport du coll\u00e8ge L\u00e9onard de Vinci de 18h45 \u00e0 20h45). \u00a0 Tarifs Licence annuelle Licence Loisir : 130\u20ac pour l'ann\u00e9e Licence\u2026","rel":"","context":"Article similaire","block_context":{"text":"Article similaire","link":""},"img":{"alt_text":"","src":"https:\/\/i0.wp.com\/bluejays.fr\/wp-content\/uploads\/2021\/09\/softball-2021.jpg?fit=960%2C768&ssl=1&resize=350%2C200","width":350,"height":200,"srcset":"https:\/\/i0.wp.com\/bluejays.fr\/wp-content\/uploads\/2021\/09\/softball-2021.jpg?fit=960%2C768&ssl=1&resize=350%2C200 1x, https:\/\/i0.wp.com\/bluejays.fr\/wp-content\/uploads\/2021\/09\/softball-2021.jpg?fit=960%2C768&ssl=1&resize=525%2C300 1.5x, https:\/\/i0.wp.com\/bluejays.fr\/wp-content\/uploads\/2021\/09\/softball-2021.jpg?fit=960%2C768&ssl=1&resize=700%2C400 2x"},"classes":[]},{"id":434,"url":"https:\/\/bluejays.fr\/?page_id=434","url_meta":{"origin":111,"position":4},"title":"Notre \u00e9cole baseball jeunes Section 12U","author":"Caro","date":"29\/09\/2014","format":false,"excerpt":"\u00a0SECTION 12 u \u00a0 coach : Iban Briones\u00a0 ENTRAINEMENTS\u00a0 Mercredi : 14h \u00e0 16h30 Samedi : 10h \u00e0 12h30 (p\u00e9riode hivernale : entra\u00eenements \u00e0 la salle de sport du coll\u00e8ge L\u00e9onard de Vinci de 13h30 \u00e0 15h). \u00a0 TARIFS COTISATION CLUB\u00a0 moins de 18 ans comp\u00e9tition : 130\u20ac pour l\u2019ann\u00e9e\u2026","rel":"","context":"Article similaire","block_context":{"text":"Article similaire","link":""},"img":{"alt_text":"","src":"https:\/\/i0.wp.com\/bluejays.fr\/wp-content\/uploads\/2024\/02\/DSC05980-copy-scaled.jpg?fit=1200%2C802&ssl=1&resize=350%2C200","width":350,"height":200,"srcset":"https:\/\/i0.wp.com\/bluejays.fr\/wp-content\/uploads\/2024\/02\/DSC05980-copy-scaled.jpg?fit=1200%2C802&ssl=1&resize=350%2C200 1x, https:\/\/i0.wp.com\/bluejays.fr\/wp-content\/uploads\/2024\/02\/DSC05980-copy-scaled.jpg?fit=1200%2C802&ssl=1&resize=525%2C300 1.5x, https:\/\/i0.wp.com\/bluejays.fr\/wp-content\/uploads\/2024\/02\/DSC05980-copy-scaled.jpg?fit=1200%2C802&ssl=1&resize=700%2C400 2x, https:\/\/i0.wp.com\/bluejays.fr\/wp-content\/uploads\/2024\/02\/DSC05980-copy-scaled.jpg?fit=1200%2C802&ssl=1&resize=1050%2C600 3x"},"classes":[]},{"id":380,"url":"https:\/\/bluejays.fr\/?page_id=380","url_meta":{"origin":111,"position":5},"title":"Inscriptions","author":"Caro","date":"26\/09\/2014","format":false,"excerpt":"\u2666Tarifs cotisations annuelles 2025\/2026Jeune 9U\/12U\/15U comp\u00e9tition : 130\u20ac pour l'ann\u00e9eSeniorS et 18U comp\u00e9tition : 180\u20ac pour l'ann\u00e9eLoisir Senior : 130\u20ac pour l'ann\u00e9eLoisir Jeune : 110\u20ac pour l'ann\u00e9eLes tarifs des cotisations comprennent l'assurance, la licence f\u00e9d\u00e9rale et le pr\u00eat du mat\u00e9riel.InscriptionsPour toute nouvelle inscription ou renouvellement, merci de remplir le formulaire\u2026","rel":"","context":"Article similaire","block_context":{"text":"Article similaire","link":""},"img":{"alt_text":"","src":"","width":0,"height":0},"classes":[]}],"jetpack_sharing_enabled":true,"_links":{"self":[{"href":"https:\/\/bluejays.fr\/index.php?rest_route=\/wp\/v2\/pages\/111","targetHints":{"allow":["GET"]}}],"collection":[{"href":"https:\/\/bluejays.fr\/index.php?rest_route=\/wp\/v2\/pages"}],"about":[{"href":"https:\/\/bluejays.fr\/index.php?rest_route=\/wp\/v2\/types\/page"}],"author":[{"embeddable":true,"href":"https:\/\/bluejays.fr\/index.php?rest_route=\/wp\/v2\/users\/3"}],"replies":[{"embeddable":true,"href":"https:\/\/bluejays.fr\/index.php?rest_route=%2Fwp%2Fv2%2Fcomments&post=111"}],"version-history":[{"count":71,"href":"https:\/\/bluejays.fr\/index.php?rest_route=\/wp\/v2\/pages\/111\/revisions"}],"predecessor-version":[{"id":5098,"href":"https:\/\/bluejays.fr\/index.php?rest_route=\/wp\/v2\/pages\/111\/revisions\/5098"}],"wp:featuredmedia":[{"embeddable":true,"href":"https:\/\/bluejays.fr\/index.php?rest_route=\/wp\/v2\/media\/4940"}],"wp:attachment":[{"href":"https:\/\/bluejays.fr\/index.php?rest_route=%2Fwp%2Fv2%2Fmedia&parent=111"}],"curies":[{"name":"wp","href":"https:\/\/api.w.org\/{rel}","templated":true}]}}