{"id":90,"date":"2014-04-12T16:45:25","date_gmt":"2014-04-12T16:45:25","guid":{"rendered":"http:\/\/sporty-wp.wp4life.com\/?page_id=90"},"modified":"2025-09-28T21:56:33","modified_gmt":"2025-09-28T19:56:33","slug":"contact","status":"publish","type":"page","link":"http:\/\/bluejays.fr\/?page_id=90","title":{"rendered":"Contact"},"content":{"rendered":"\t\t<div data-elementor-type=\"wp-page\" data-elementor-id=\"90\" class=\"elementor elementor-90\">\n\t\t\t\t\t\t\t\t\t<section class=\"elementor-section elementor-top-section elementor-element elementor-element-49e580d6 elementor-section-boxed elementor-section-height-default elementor-section-height-default\" data-id=\"49e580d6\" data-element_type=\"section\">\n\t\t\t\t\t\t<div class=\"elementor-container elementor-column-gap-default\">\n\t\t\t\t\t<div class=\"elementor-column elementor-col-100 elementor-top-column elementor-element elementor-element-74f93a8a\" data-id=\"74f93a8a\" data-element_type=\"column\">\n\t\t\t<div class=\"elementor-widget-wrap elementor-element-populated\">\n\t\t\t\t\t\t\t\t<div class=\"elementor-element elementor-element-4fda78a6 elementor-widget elementor-widget-text-editor\" data-id=\"4fda78a6\" data-element_type=\"widget\" data-widget_type=\"text-editor.default\">\n\t\t\t\t<div class=\"elementor-widget-container\">\n\t\t\t<style>\/*! elementor - v3.18.0 - 20-12-2023 *\/\n.elementor-widget-text-editor.elementor-drop-cap-view-stacked .elementor-drop-cap{background-color:#69727d;color:#fff}.elementor-widget-text-editor.elementor-drop-cap-view-framed .elementor-drop-cap{color:#69727d;border:3px solid;background-color:transparent}.elementor-widget-text-editor:not(.elementor-drop-cap-view-default) .elementor-drop-cap{margin-top:8px}.elementor-widget-text-editor:not(.elementor-drop-cap-view-default) .elementor-drop-cap-letter{width:1em;height:1em}.elementor-widget-text-editor .elementor-drop-cap{float:left;text-align:center;line-height:1;font-size:50px}.elementor-widget-text-editor .elementor-drop-cap-letter{display:inline-block}<\/style>\t\t\t\t<!-- wp:heading -->\n<h2>Venir au terrain<\/h2>\n<!-- \/wp:heading --><!-- wp:html -->\n<p><div class='content-column two_third'><div style=\"padding-right:30px;\"><!-- \/wp:html --><!-- wp:html -->\n<p><iframe style=\"border: 0;\" frameborder=\"0\" height=\"450\" src=\"https:\/\/www.google.com\/maps\/embed?pb=!1m18!1m12!1m3!1d2825.755971917576!2d-0.744122684063491!3d44.907959979098344!2m3!1f0!2f0!3f0!3m2!1i1024!2i768!4f13.1!3m3!1m2!1s0xd54d1e8dcc13d4d%3A0x4d91bc1b7f62e702!2sblue%20jays%20baseball!5e0!3m2!1sfr!2sfr!4v1580563662059!5m2!1sfr!2sfr\" width=\"600\"><\/iframe><\/p>\n<!-- \/wp:html --><!-- wp:spacer {\"height\":27} -->\n<div class=\"wp-block-spacer\" style=\"height: 27px;\" aria-hidden=\"true\">\u00a0<\/div>\n<!-- \/wp:spacer --><!-- wp:heading -->\n<h2>Venir \u00e0 la salle d&rsquo;entra\u00eenement<\/h2>\n<!-- \/wp:heading --><!-- wp:html -->\n<p><iframe style=\"border: 0;\" frameborder=\"0\" height=\"450\" src=\"https:\/\/www.google.com\/maps\/embed?pb=!1m13!1m8!1m3!1d706.4605259413138!2d-0.7158382!3d44.9062079!3m2!1i1024!2i768!4f13.1!3m2!1m1!2sColl%C3%A8ge%20L%C3%A9onard%20De%20Vinci!5e0!3m2!1sfr!2sfr!4v1580564520982!5m2!1sfr!2sfr\" width=\"600\"><\/iframe><\/p>\n<!-- \/wp:html --><!-- wp:html --><\/div><\/div><\/p>\n<!-- \/wp:html -->\n<p><div class='content-column one_third last_column'><div style=\"\"><h3>Coordonn\u00e9es<\/h3>\n<p><b>L\u00e9onella Jacmel (pr\u00e9sidente)<\/b><\/p>\n<p><strong>T\u00e9l\u00e9phone: <\/strong>06 98 61 28 56<\/p>\n<p><strong>Mail: <\/strong><a href=\"_wp_link_placeholder\" data-wplink-edit=\"true\">STABLUEJAYS.SECRETAIRE@GMAIL.COM<\/a><\/p>\n<hr\/>\n<h3>Formulaire de contact<\/h3>\n<h6>\r\n<form id=\"contactForm\" action=\"http:\/\/bluejays.fr\/wp-content\/plugins\/sporty-shortcodes-and-widgets\/processform.php\" method=\"post\">\r\n    <label>\r\n        Nom    <\/label>\r\n    <input type=\"text\" name=\"senderName\" id=\"senderName\" maxlength=\"40\" \/>\r\n    <label>\r\n        Email    <\/label>\r\n    <input type=\"email\" name=\"senderEmail\" id=\"senderEmail\" maxlength=\"50\" \/>\r\n    <label>\r\n        Message    <\/label>\r\n    <textarea name=\"message\" id=\"message\"><\/textarea>\r\n    <input name=\"recipientName\" id=\"recipientName\" type=\"hidden\" value=\"Nom\" \/>\r\n    <input name=\"recipientSubject\" id=\"recipientSubject\" type=\"hidden\" value=\"Sujet\" \/>\r\n    <input name=\"recipientMail\" id=\"recipientMail\" type=\"hidden\" value=\"stabluejays@gmail.com\" \/>\r\n    <input type=\"submit\" class=\"button\" id=\"sendMessage\" name=\"sendMessage\" value=\"Envoyer\" \/>\r\n<\/form><br \/><\/div><\/div><div class='clear_column'><\/div><\/h6>\t\t\t\t\t\t<\/div>\n\t\t\t\t<\/div>\n\t\t\t\t\t<\/div>\n\t\t<\/div>\n\t\t\t\t\t\t\t<\/div>\n\t\t<\/section>\n\t\t\t\t\t\t\t<\/div>\n\t\t","protected":false},"excerpt":{"rendered":"<p>Venir au terrain<\/p>\n","protected":false},"author":3,"featured_media":0,"parent":0,"menu_order":0,"comment_status":"open","ping_status":"open","template":"","meta":{"_bbp_topic_count":0,"_bbp_reply_count":0,"_bbp_total_topic_count":0,"_bbp_total_reply_count":0,"_bbp_voice_count":0,"_bbp_anonymous_reply_count":0,"_bbp_topic_count_hidden":0,"_bbp_reply_count_hidden":0,"_bbp_forum_subforum_count":0,"_monsterinsights_skip_tracking":false,"_monsterinsights_sitenote_active":false,"_monsterinsights_sitenote_note":"","_monsterinsights_sitenote_category":0,"_uf_show_specific_survey":0,"_uf_disable_surveys":false,"jetpack_post_was_ever_published":false,"footnotes":""},"class_list":["post-90","page","type-page","status-publish","hentry"],"aioseo_notices":[],"jetpack_shortlink":"https:\/\/wp.me\/P7l0w0-1s","jetpack-related-posts":[{"id":380,"url":"http:\/\/bluejays.fr\/?page_id=380","url_meta":{"origin":90,"position":0},"title":"Inscriptions","author":"Caro","date":"26\/09\/2014","format":false,"excerpt":"\u2666Tarifs cotisations annuelles 2025\/2026Jeune 9U\/12U\/15U comp\u00e9tition : 130\u20ac pour l'ann\u00e9eSeniorS et 18U comp\u00e9tition : 180\u20ac pour l'ann\u00e9eLoisir Senior : 130\u20ac pour l'ann\u00e9eLoisir Jeune : 110\u20ac pour l'ann\u00e9eLes tarifs des cotisations comprennent l'assurance, la licence f\u00e9d\u00e9rale et le pr\u00eat du mat\u00e9riel.InscriptionsPour toute nouvelle inscription ou renouvellement, merci de remplir le formulaire\u2026","rel":"","context":"Article similaire","block_context":{"text":"Article similaire","link":""},"img":{"alt_text":"","src":"","width":0,"height":0},"classes":[]},{"id":296,"url":"http:\/\/bluejays.fr\/?page_id=296","url_meta":{"origin":90,"position":1},"title":"Notre \u00e9cole Baseball Jeunes &#8211; Section 9U","author":"Caro","date":"24\/09\/2014","format":false,"excerpt":"Section 9U Coach : Isabelle Nelet\u00a0 ENTRAINEMENTS : Mercredi : 14h \u00e0 16h30 Samedi : 10h \u00e0 12h30 (p\u00e9riode hivernale : entra\u00eenements \u00e0 la salle de sport du coll\u00e8ge L\u00e9onard de Vinci de 13h30 \u00e0 15h). Tarifs cotisations club moins de 18 ans comp\u00e9tition : 130\u20ac pour l\u2019ann\u00e9e (licence f\u00e9d\u00e9rale\u2026","rel":"","context":"Article similaire","block_context":{"text":"Article similaire","link":""},"img":{"alt_text":"","src":"https:\/\/i0.wp.com\/bluejays.fr\/wp-content\/uploads\/2024\/08\/IMG_1164.jpg?fit=1200%2C901&resize=350%2C200","width":350,"height":200,"srcset":"https:\/\/i0.wp.com\/bluejays.fr\/wp-content\/uploads\/2024\/08\/IMG_1164.jpg?fit=1200%2C901&resize=350%2C200 1x, https:\/\/i0.wp.com\/bluejays.fr\/wp-content\/uploads\/2024\/08\/IMG_1164.jpg?fit=1200%2C901&resize=525%2C300 1.5x, https:\/\/i0.wp.com\/bluejays.fr\/wp-content\/uploads\/2024\/08\/IMG_1164.jpg?fit=1200%2C901&resize=700%2C400 2x, https:\/\/i0.wp.com\/bluejays.fr\/wp-content\/uploads\/2024\/08\/IMG_1164.jpg?fit=1200%2C901&resize=1050%2C600 3x"},"classes":[]},{"id":300,"url":"http:\/\/bluejays.fr\/?page_id=300","url_meta":{"origin":90,"position":2},"title":"Notre \u00e9quipe Softball mixte","author":"Caro","date":"24\/09\/2014","format":false,"excerpt":"Section Softball Mixte Coach : L\u00e9a K\u00c9RANFLECH, Thibaud Gr\u00e8zes ENTRAINEMENTS : Lundi : 18h30 \u00e0 20h30\u00a0 Mercredi : 18h30 \u00e0 20h30 (p\u00e9riode hivernale : entra\u00eenements \u00e0 la salle de sport du coll\u00e8ge L\u00e9onard de Vinci de 18h45 \u00e0 20h45). \u00a0 Tarifs Licence annuelle Licence Loisir : 130\u20ac pour l'ann\u00e9e Licence\u2026","rel":"","context":"Article similaire","block_context":{"text":"Article similaire","link":""},"img":{"alt_text":"","src":"https:\/\/i0.wp.com\/bluejays.fr\/wp-content\/uploads\/2021\/09\/softball-2021.jpg?fit=960%2C768&resize=350%2C200","width":350,"height":200,"srcset":"https:\/\/i0.wp.com\/bluejays.fr\/wp-content\/uploads\/2021\/09\/softball-2021.jpg?fit=960%2C768&resize=350%2C200 1x, https:\/\/i0.wp.com\/bluejays.fr\/wp-content\/uploads\/2021\/09\/softball-2021.jpg?fit=960%2C768&resize=525%2C300 1.5x, https:\/\/i0.wp.com\/bluejays.fr\/wp-content\/uploads\/2021\/09\/softball-2021.jpg?fit=960%2C768&resize=700%2C400 2x"},"classes":[]},{"id":438,"url":"http:\/\/bluejays.fr\/?page_id=438","url_meta":{"origin":90,"position":3},"title":"Notre \u00e9cole Baseball Jeunes &#8211; Section 15U","author":"Caro","date":"29\/09\/2014","format":false,"excerpt":"Section 15U Coachs : Pierre Cuquel et Matt\u00e9o Vignollet\u00a0 Entra\u00eenements Mercredi : 16h30 \u00e0 18h30 Samedi 10h \u00e0 12h30 (p\u00e9riode hivernale : entra\u00eenements \u00e0 la salle de sport du coll\u00e8ge L\u00e9onard de Vinci de 15h \u00e0 16h30). moins de 18 ans comp\u00e9tition\u00a0: 130\u20ac pour l'ann\u00e9e (licence f\u00e9d\u00e9rale incluse) Les tarifs\u2026","rel":"","context":"Article similaire","block_context":{"text":"Article similaire","link":""},"img":{"alt_text":"","src":"https:\/\/i0.wp.com\/bluejays.fr\/wp-content\/uploads\/2025\/09\/WhatsApp-Image-2025-09-05-a-16.08.09_503c39b9.jpg?fit=1200%2C985&resize=350%2C200","width":350,"height":200,"srcset":"https:\/\/i0.wp.com\/bluejays.fr\/wp-content\/uploads\/2025\/09\/WhatsApp-Image-2025-09-05-a-16.08.09_503c39b9.jpg?fit=1200%2C985&resize=350%2C200 1x, https:\/\/i0.wp.com\/bluejays.fr\/wp-content\/uploads\/2025\/09\/WhatsApp-Image-2025-09-05-a-16.08.09_503c39b9.jpg?fit=1200%2C985&resize=525%2C300 1.5x, https:\/\/i0.wp.com\/bluejays.fr\/wp-content\/uploads\/2025\/09\/WhatsApp-Image-2025-09-05-a-16.08.09_503c39b9.jpg?fit=1200%2C985&resize=700%2C400 2x, https:\/\/i0.wp.com\/bluejays.fr\/wp-content\/uploads\/2025\/09\/WhatsApp-Image-2025-09-05-a-16.08.09_503c39b9.jpg?fit=1200%2C985&resize=1050%2C600 3x"},"classes":[]},{"id":434,"url":"http:\/\/bluejays.fr\/?page_id=434","url_meta":{"origin":90,"position":4},"title":"Notre \u00e9cole baseball jeunes Section 12U","author":"Caro","date":"29\/09\/2014","format":false,"excerpt":"\u00a0SECTION 12 u \u00a0 coach : Iban Briones\u00a0 ENTRAINEMENTS\u00a0 Mercredi : 14h \u00e0 16h30 Samedi : 10h \u00e0 12h30 (p\u00e9riode hivernale : entra\u00eenements \u00e0 la salle de sport du coll\u00e8ge L\u00e9onard de Vinci de 13h30 \u00e0 15h). \u00a0 TARIFS COTISATION CLUB\u00a0 moins de 18 ans comp\u00e9tition : 130\u20ac pour l\u2019ann\u00e9e\u2026","rel":"","context":"Article similaire","block_context":{"text":"Article similaire","link":""},"img":{"alt_text":"","src":"https:\/\/i0.wp.com\/bluejays.fr\/wp-content\/uploads\/2024\/02\/DSC05980-copy-scaled.jpg?fit=1200%2C802&resize=350%2C200","width":350,"height":200,"srcset":"https:\/\/i0.wp.com\/bluejays.fr\/wp-content\/uploads\/2024\/02\/DSC05980-copy-scaled.jpg?fit=1200%2C802&resize=350%2C200 1x, https:\/\/i0.wp.com\/bluejays.fr\/wp-content\/uploads\/2024\/02\/DSC05980-copy-scaled.jpg?fit=1200%2C802&resize=525%2C300 1.5x, https:\/\/i0.wp.com\/bluejays.fr\/wp-content\/uploads\/2024\/02\/DSC05980-copy-scaled.jpg?fit=1200%2C802&resize=700%2C400 2x, https:\/\/i0.wp.com\/bluejays.fr\/wp-content\/uploads\/2024\/02\/DSC05980-copy-scaled.jpg?fit=1200%2C802&resize=1050%2C600 3x"},"classes":[]},{"id":111,"url":"http:\/\/bluejays.fr\/?page_id=111","url_meta":{"origin":90,"position":5},"title":"NOS EQUIPES Baseball Seniors &#8211; Division 3","author":"Caro","date":"13\/04\/2014","format":false,"excerpt":"Equipe 1 - D3 Coachs : Fr\u00e9d\u00e9ric Vignollet, Alban Debrais\u00a0 Entrainements Les mardi et jeudi de 18h30 \u00e0 20h30 (p\u00e9riode hivernale : entra\u00eenements \u00e0 la salle de sport du coll\u00e8ge L\u00e9onard de Vinci de 16h30 \u00e0 18h30). Tarifs cotisations club Senior +18 ans comp\u00e9tition\u00a0: 180\u20ac pour l'ann\u00e9e (licence f\u00e9d\u00e9rale incluse)\u2026","rel":"","context":"Article similaire","block_context":{"text":"Article similaire","link":""},"img":{"alt_text":"","src":"https:\/\/i0.wp.com\/bluejays.fr\/wp-content\/uploads\/2024\/08\/IMG_1161.jpg?fit=960%2C820&resize=350%2C200","width":350,"height":200,"srcset":"https:\/\/i0.wp.com\/bluejays.fr\/wp-content\/uploads\/2024\/08\/IMG_1161.jpg?fit=960%2C820&resize=350%2C200 1x, https:\/\/i0.wp.com\/bluejays.fr\/wp-content\/uploads\/2024\/08\/IMG_1161.jpg?fit=960%2C820&resize=525%2C300 1.5x, https:\/\/i0.wp.com\/bluejays.fr\/wp-content\/uploads\/2024\/08\/IMG_1161.jpg?fit=960%2C820&resize=700%2C400 2x"},"classes":[]}],"jetpack_sharing_enabled":true,"_links":{"self":[{"href":"http:\/\/bluejays.fr\/index.php?rest_route=\/wp\/v2\/pages\/90","targetHints":{"allow":["GET"]}}],"collection":[{"href":"http:\/\/bluejays.fr\/index.php?rest_route=\/wp\/v2\/pages"}],"about":[{"href":"http:\/\/bluejays.fr\/index.php?rest_route=\/wp\/v2\/types\/page"}],"author":[{"embeddable":true,"href":"http:\/\/bluejays.fr\/index.php?rest_route=\/wp\/v2\/users\/3"}],"replies":[{"embeddable":true,"href":"http:\/\/bluejays.fr\/index.php?rest_route=%2Fwp%2Fv2%2Fcomments&post=90"}],"version-history":[{"count":48,"href":"http:\/\/bluejays.fr\/index.php?rest_route=\/wp\/v2\/pages\/90\/revisions"}],"predecessor-version":[{"id":5097,"href":"http:\/\/bluejays.fr\/index.php?rest_route=\/wp\/v2\/pages\/90\/revisions\/5097"}],"wp:attachment":[{"href":"http:\/\/bluejays.fr\/index.php?rest_route=%2Fwp%2Fv2%2Fmedia&parent=90"}],"curies":[{"name":"wp","href":"https:\/\/api.w.org\/{rel}","templated":true}]}}