{"id":88,"date":"2014-04-12T16:33:20","date_gmt":"2014-04-12T16:33:20","guid":{"rendered":"http:\/\/sporty-wp.wp4life.com\/?page_id=88"},"modified":"2020-01-25T20:41:19","modified_gmt":"2020-01-25T19:41:19","slug":"galleries","status":"publish","type":"page","link":"http:\/\/bluejays.fr\/?page_id=88","title":{"rendered":"Galeries"},"content":{"rendered":"\n\r\n\r\n<div id=\"tabs-1\">\n\r\n<ul class=\"resp-tabs-list\">\r\n    <li>Photos Baseball Senior<\/li>\r\n\n\r\n    <li>Photos Baseball Jeunes<\/li>\r\n<\/ul>\r\n<div class=\"resp-tabs-container\">\n \r\n<div>\r\n\n<h2>Photos Championnat de France Nationale 1 2015<\/h2>\n\t\t\t<ul id=\"gridbox1129\" class=\"dysania-grid\">\r\n\t\t\t\t\t\t\t\t\t\r\n\t\t\t\t\t\t\t\t\t\t\t\t\r\n                \r\n                \r\n                <li class=\"threecolumns\" data-filter=\"2015 blue day jays opening squales vaureal\">\r\n                    <a  class=\"dysania-link clbx1129\" data-title=\"1ere journ\u00e9e N1 19\/04\" data-rel=\"dysania-linkclbx1129\" href=\"http:\/\/bluejays.fr\/?page_id=1131\">\r\n                        <img decoding=\"async\" src=\"https:\/\/i0.wp.com\/bluejays.fr\/wp-content\/uploads\/2015\/04\/DSC_0181-Copier.jpg?resize=300%2C300\" alt=\"1ere journ\u00e9e N1 19\/04\" \/>                    <\/a><span class=\"dysaniacaption\">1ere journ\u00e9e N1 19\/04<\/span>\t\t\t\t<\/li>\r\n                                                                                                                                                                                <script type=\"text\/javascript\">\r\n                    jQuery(document).ready(function () {\r\n                        jQuery(\".dysania-photo.clbx1129\").colorbox({ \r\n                            title:function(){ return jQuery(this).data('title'); }, \r\n                            rel:'dysania-photoclbx1129',\r\n                            slideshow:false,\r\n                            slideshowSpeed:3000,\r\n                            slideshowAuto:true,\r\n                            maxWidth:'95%', \r\n                            maxHeight:'95%' \r\n                        });\r\n                        jQuery(\".dysania-iframe.clbx1129\").colorbox({ \r\n                            title:function(){ return jQuery(this).data('title'); }, \r\n                            rel:'dysania-iframeclbx1129',\r\n                            iframe: true, \r\n                            width: \"80%\", \r\n                            height: \"80%\" });\r\n});\r\n                    <\/script>\r\n                                <\/ul> \r\n    \r\n\n<h2>Photos Championnat de France Nationale 2 2014<\/h2>\n\t\t\t<ul id=\"gridbox81\" class=\"dysania-grid\">\r\n\t\t\t\t\t\t\t\t\t\r\n\t\t\t\t\t\t\t\t\t\t\t\t\r\n                \r\n                \r\n                <li class=\"threecolumns\" data-filter=\"2 baseball finale jimmers lo nationale saint\">\r\n                    <a  class=\"dysania-link clbx81\" data-title=\"Nationale 2 \u2013 11 et 12 oct.14 \u2013 1\/2 Finales Vs St Lo Jimmer&rsquo;s\" data-rel=\"dysania-linkclbx81\" href=\"http:\/\/bluejays.fr\/?page_id=645\">\r\n                        <img decoding=\"async\" src=\"https:\/\/i0.wp.com\/bluejays.fr\/wp-content\/uploads\/2014\/10\/15351835930_3128750bb7_z.jpg?resize=300%2C300\" alt=\"Nationale 2 \u2013 11 et 12 oct.14 \u2013 1\/2 Finales Vs St Lo Jimmer&rsquo;s\" \/>                    <\/a><span class=\"dysaniacaption\">1\/2 Finales Vs St Lo Jimmer's<\/span>\t\t\t\t<\/li>\r\n                \t\t\t\t\t\r\n\t\t\t\t\t\t\t\t\t\t\t\t\r\n                \r\n                \r\n                <li class=\"threecolumns\" data-filter=\"2 black blue breal jays nationale panthers\">\r\n                    <a  class=\"dysania-link clbx81\" data-title=\"Nationale 2 &#8211; 05.10.2014 vs Breal Black Panthers\" data-rel=\"dysania-linkclbx81\" href=\"http:\/\/bluejays.fr\/?page_id=724\">\r\n                        <img decoding=\"async\" src=\"https:\/\/i0.wp.com\/bluejays.fr\/wp-content\/uploads\/2014\/11\/15765644745_9e211b4bb8_b1.jpg?resize=300%2C300\" alt=\"Nationale 2 &#8211; 05.10.2014 vs Breal Black Panthers\" \/>                    <\/a><span class=\"dysaniacaption\">05.10.2014 vs Breal Black Panthers<\/span>\t\t\t\t<\/li>\r\n                \t\t\t\t\t\r\n\t\t\t\t\t\t\t\t\t\t\t\t\r\n                \r\n                \r\n                <li class=\"threecolumns\" data-filter=\"\">\r\n                    <a  class=\"dysania-link clbx81\" data-title=\"Nationale 2 &#8211; 21.09.14 vs Stade Toulousain\" data-rel=\"dysania-linkclbx81\" href=\"http:\/\/bluejays.fr\/?page_id=354\">\r\n                        <img decoding=\"async\" src=\"https:\/\/i0.wp.com\/bluejays.fr\/wp-content\/uploads\/2014\/09\/15163224610_f35dc5bedb_z.jpg?resize=300%2C300\" alt=\"Nationale 2 &#8211; 21.09.14 vs Stade Toulousain\" \/>                    <\/a><span class=\"dysaniacaption\">21.09.14 - vs Stade Toulousain<\/span>\t\t\t\t<\/li>\r\n                \t\t\t\t\t\r\n\t\t\t\t\t\t\t\t\t\t\t\t\r\n                \r\n                \r\n                <li class=\"threecolumns\" data-filter=\"2 blue bron devils jays nationale priest st\">\r\n                    <a  class=\"dysania-link clbx81\" data-title=\"Nationale 2 &#8211; 14.09.2014 vs Bron St Priest Devils\" data-rel=\"dysania-linkclbx81\" href=\"http:\/\/bluejays.fr\/?page_id=736\">\r\n                        <img decoding=\"async\" src=\"https:\/\/i0.wp.com\/bluejays.fr\/wp-content\/uploads\/2014\/09\/15580093609_7a62581dce_b1.jpg?resize=300%2C300\" alt=\"Nationale 2 &#8211; 14.09.2014 vs Bron St Priest Devils\" \/>                    <\/a><span class=\"dysaniacaption\">14.09.2014 vs Bron St Priest Devils<\/span>\t\t\t\t<\/li>\r\n                \t\t\t\t\t\r\n\t\t\t\t\t\t\t\t\t\t\t\t\r\n                \r\n                \r\n                <li class=\"threecolumns\" data-filter=\"2 blue jays nationale nevers parrots photos\">\r\n                    <a  class=\"dysania-link clbx81\" data-title=\"Nationale 2 &#8211; 31.08.2014 vs Nevers Parrots\" data-rel=\"dysania-linkclbx81\" href=\"http:\/\/bluejays.fr\/?page_id=742\">\r\n                        <img decoding=\"async\" src=\"https:\/\/i0.wp.com\/bluejays.fr\/wp-content\/uploads\/2014\/11\/15580875867_e0eca11620_b1.jpg?resize=300%2C300\" alt=\"Nationale 2 &#8211; 31.08.2014 vs Nevers Parrots\" \/>                    <\/a><span class=\"dysaniacaption\">31.08.2014 vs Nevers Parrots<\/span>\t\t\t\t<\/li>\r\n                                                                                                                                                                                <script type=\"text\/javascript\">\r\n                    jQuery(document).ready(function () {\r\n                        jQuery(\".dysania-photo.clbx81\").colorbox({ \r\n                            title:function(){ return jQuery(this).data('title'); }, \r\n                            rel:'dysania-photoclbx81',\r\n                            slideshow:false,\r\n                            slideshowSpeed:3000,\r\n                            slideshowAuto:true,\r\n                            maxWidth:'95%', \r\n                            maxHeight:'95%' \r\n                        });\r\n                        jQuery(\".dysania-iframe.clbx81\").colorbox({ \r\n                            title:function(){ return jQuery(this).data('title'); }, \r\n                            rel:'dysania-iframeclbx81',\r\n                            iframe: true, \r\n                            width: \"80%\", \r\n                            height: \"80%\" });\r\n});\r\n                    <\/script>\r\n                                <\/ul> \r\n    \r\n\n<h2>Photos Championnat d&rsquo;Aquitaine DH\u00a02014<\/h2>\n\t\t\t<ul id=\"gridbox732\" class=\"dysania-grid\">\r\n\t\t\t\t\t\t\t\t\t\r\n\t\t\t\t\t\t\t\t\t\t\t\t\r\n                \r\n                \r\n                <li class=\"threecolumns\" data-filter=\"photos\">\r\n                    <a  class=\"dysania-link clbx732\" data-title=\"Finale Championnat DH 2014\" data-rel=\"dysania-linkclbx732\" href=\"http:\/\/bluejays.fr\/?page_id=63\">\r\n                        <img decoding=\"async\" src=\"https:\/\/i0.wp.com\/bluejays.fr\/wp-content\/uploads\/2014\/04\/14492388115_04ee43bb3e_b1.jpg?resize=300%2C300\" alt=\"Finale Championnat DH 2014\" \/>                    <\/a><span class=\"dysaniacaption\">Finale Championnat DH 2014<\/span>\t\t\t\t<\/li>\r\n                                                                                                                                                                                <script type=\"text\/javascript\">\r\n                    jQuery(document).ready(function () {\r\n                        jQuery(\".dysania-photo.clbx732\").colorbox({ \r\n                            title:function(){ return jQuery(this).data('title'); }, \r\n                            rel:'dysania-photoclbx732',\r\n                            slideshow:false,\r\n                            slideshowSpeed:3000,\r\n                            slideshowAuto:true,\r\n                            maxWidth:'95%', \r\n                            maxHeight:'95%' \r\n                        });\r\n                        jQuery(\".dysania-iframe.clbx732\").colorbox({ \r\n                            title:function(){ return jQuery(this).data('title'); }, \r\n                            rel:'dysania-iframeclbx732',\r\n                            iframe: true, \r\n                            width: \"80%\", \r\n                            height: \"80%\" });\r\n});\r\n                    <\/script>\r\n                                <\/ul> \r\n    \r\n\n\r\n\r\n<\/div>\r\n\n\r\n<div>\r\n\n\t\t\t<ul id=\"gridbox74\" class=\"dysania-grid\">\r\n\t\t\t\t\t\t\t\t\t\r\n\t\t\t\t\t\t\t\t\t\t\t\t\r\n                \r\n                \r\n                <li class=\"threecolumns\" data-filter=\"12u 15u 2014 9u automne coupe finales pineuilh\">\r\n                    <a  class=\"dysania-link clbx74\" data-title=\"Finales Coupes D&rsquo;automne 2014\" data-rel=\"dysania-linkclbx74\" href=\"http:\/\/bluejays.fr\/?page_id=780\">\r\n                        <img decoding=\"async\" src=\"https:\/\/i0.wp.com\/bluejays.fr\/wp-content\/uploads\/2014\/12\/15899253052_2970f50e35_b1.jpg?resize=300%2C300\" alt=\"Finales Coupes D&rsquo;automne 2014\" \/>                    <\/a><span class=\"dysaniacaption\">Finales Coupes D'automne 2014<\/span>\t\t\t\t<\/li>\r\n                \t\t\t\t\t\r\n\t\t\t\t\t\t\t\t\t\t\t\t\r\n                \r\n                \r\n                <li class=\"threecolumns\" data-filter=\"12u 3me automne coupe journe\">\r\n                    <a  class=\"dysania-link clbx74\" data-title=\"3\u00e8me journ\u00e9e Coupe d&rsquo;Automne 12u 2014\" data-rel=\"dysania-linkclbx74\" href=\"http:\/\/bluejays.fr\/?page_id=785\">\r\n                        <img decoding=\"async\" src=\"https:\/\/i0.wp.com\/bluejays.fr\/wp-content\/uploads\/2014\/12\/15228314043_dd83a0f1a1_b1.jpg?resize=300%2C300\" alt=\"3\u00e8me journ\u00e9e Coupe d&rsquo;Automne 12u 2014\" \/>                    <\/a><span class=\"dysaniacaption\">3\u00e8me journ\u00e9e Coupe d'Automne 12u 2014<\/span>\t\t\t\t<\/li>\r\n                \t\t\t\t\t\r\n\t\t\t\t\t\t\t\t\t\t\t\t\r\n                \r\n                \r\n                <li class=\"threecolumns\" data-filter=\"2me 9u automne baseball coupe jeunes journe\">\r\n                    <a  class=\"dysania-link clbx74\" data-title=\"Coupe d\u2019Automne 2014 \u2013 18.10.2014\" data-rel=\"dysania-linkclbx74\" href=\"http:\/\/bluejays.fr\/?page_id=655\">\r\n                        <img decoding=\"async\" src=\"https:\/\/i0.wp.com\/bluejays.fr\/wp-content\/uploads\/2014\/10\/15380704850_6864f34dd4_b1.jpg?resize=300%2C300\" alt=\"Coupe d\u2019Automne 2014 \u2013 18.10.2014\" \/>                    <\/a><span class=\"dysaniacaption\">Coupe d\u2019Automne 2014 \u2013 18.10.2014<\/span>\t\t\t\t<\/li>\r\n                \t\t\t\t\t\r\n\t\t\t\t\t\t\t\t\t\t\t\t\r\n                \r\n                \r\n                <li class=\"threecolumns\" data-filter=\"\">\r\n                    <a  class=\"dysania-link clbx74\" data-title=\"1ere journ\u00e9e 15U\" data-rel=\"dysania-linkclbx74\" href=\"http:\/\/bluejays.fr\/?page_id=578\">\r\n                        <img decoding=\"async\" src=\"https:\/\/i0.wp.com\/bluejays.fr\/wp-content\/uploads\/2014\/10\/1erejourn%C3%A9e15U.jpg?resize=300%2C300\" alt=\"1ere journ\u00e9e 15U\" \/>                    <\/a><span class=\"dysaniacaption\">1ere journ\u00e9e 15U<\/span>\t\t\t\t<\/li>\r\n                \t\t\t\t\t\r\n\t\t\t\t\t\t\t\t\t\t\t\t\r\n                \r\n                \r\n                <li class=\"threecolumns\" data-filter=\"photos\">\r\n                    <a  class=\"dysania-link clbx74\" data-title=\"L&rsquo;Equipe 9u championne d&rsquo;Aquitaine !\" data-rel=\"dysania-linkclbx74\" href=\"https:\/\/picasaweb.google.com\/106353148386797736346\/6Journee9UALaForceJuin2014#slideshow\/6063103718953078338\">\r\n                        <img decoding=\"async\" src=\"https:\/\/i0.wp.com\/bluejays.fr\/wp-content\/uploads\/2014\/04\/team9u.jpg?resize=300%2C300\" alt=\"L&rsquo;Equipe 9u championne d&rsquo;Aquitaine !\" \/>                    <\/a><span class=\"dysaniacaption\">L'Equipe 9u championne d'Aquitaine !<\/span>\t\t\t\t<\/li>\r\n                \t\t\t\t\t\r\n\t\t\t\t\t\t\t\t\t\t\t\t\r\n                \r\n                \r\n                <li class=\"threecolumns\" data-filter=\"links\">\r\n                    <a  class=\"dysania-link clbx74\" data-title=\"Tournoi St Aubin Juin 2014\" data-rel=\"dysania-linkclbx74\" href=\"https:\/\/picasaweb.google.com\/106353148386797736346\/TournoiStAubinJuin2014#slideshow\/6030799061188078546\">\r\n                        <img decoding=\"async\" src=\"https:\/\/i0.wp.com\/bluejays.fr\/wp-content\/uploads\/2014\/04\/SDC136231.jpg?resize=300%2C300\" alt=\"Tournoi St Aubin Juin 2014\" \/>                    <\/a><span class=\"dysaniacaption\">Tournoi St Aubin Juin 2014<\/span>\t\t\t\t<\/li>\r\n                \t\t\t\t\t\r\n\t\t\t\t\t\t\t\t\t\t\t\t\r\n                \r\n                \r\n                <li class=\"threecolumns\" data-filter=\"photos\">\r\n                    <a  class=\"dysania-link clbx74\" data-title=\"5\u00b0 journ\u00e9e 9U \u00e0 Anglet mai 2014\" data-rel=\"dysania-linkclbx74\" href=\"https:\/\/picasaweb.google.com\/106353148386797736346\/5Journee9UAAngletMai2014#slideshow\/6022910781072244370\">\r\n                        <img decoding=\"async\" src=\"https:\/\/i0.wp.com\/bluejays.fr\/wp-content\/uploads\/2014\/04\/DSC_02401.jpg?resize=300%2C300\" alt=\"5\u00b0 journ\u00e9e 9U \u00e0 Anglet mai 2014\" \/>                    <\/a><span class=\"dysaniacaption\">5\u00b0 journ\u00e9e 9U \u00e0 Anglet mai 2014<\/span>\t\t\t\t<\/li>\r\n                \t\t\t\t\t\r\n\t\t\t\t\t\t\t\t\t\t\t\t\r\n                \r\n                \r\n                <li class=\"threecolumns\" data-filter=\"photos\">\r\n                    <a  class=\"dysania-link clbx74\" data-title=\"Tournoi de Pineuilh 2014\" data-rel=\"dysania-linkclbx74\" href=\"https:\/\/picasaweb.google.com\/106353148386797736346\/TournoiDePineuilh2014#slideshow\/6008850000808810434\">\r\n                        <img decoding=\"async\" src=\"https:\/\/i0.wp.com\/bluejays.fr\/wp-content\/uploads\/2014\/04\/DSC_06191.jpg?resize=300%2C300\" alt=\"Tournoi de Pineuilh 2014\" \/>                    <\/a><span class=\"dysaniacaption\">Tournoi de Pineuilh 2014<\/span>\t\t\t\t<\/li>\r\n                \t\t\t\t\t\r\n\t\t\t\t\t\t\t\t\t\t\t\t\r\n                \r\n                \r\n                <li class=\"threecolumns\" data-filter=\"\">\r\n                    <a  class=\"dysania-link clbx74\" data-title=\"2\u00b0 journ\u00e9e St Aubin mars 2014\" data-rel=\"dysania-linkclbx74\" href=\"https:\/\/picasaweb.google.com\/106353148386797736346\/2Journee9UAStAubin29Mars2014#slideshow\/5996987152125763954\">\r\n                        <img decoding=\"async\" src=\"https:\/\/i0.wp.com\/bluejays.fr\/wp-content\/uploads\/2014\/09\/DSC_01921.jpg?resize=300%2C300\" alt=\"2\u00b0 journ\u00e9e St Aubin mars 2014\" \/>                    <\/a><span class=\"dysaniacaption\">2\u00b0 journ\u00e9e St Aubin mars 2014<\/span>\t\t\t\t<\/li>\r\n                \t\t\t\t\t\r\n\t\t\t\t\t\t\t\t\t\t\t\t\r\n                \r\n                \r\n                <li class=\"threecolumns\" data-filter=\"\">\r\n                    <a  class=\"dysania-link clbx74\" data-title=\"Opening day 15 mars 2014\" data-rel=\"dysania-linkclbx74\" href=\"https:\/\/picasaweb.google.com\/106353148386797736346\/OpeningDay15Mars2014#slideshow\/5993676653345219058\">\r\n                        <img decoding=\"async\" src=\"https:\/\/i0.wp.com\/bluejays.fr\/wp-content\/uploads\/2014\/09\/DSC05251.jpg?resize=300%2C300\" alt=\"Opening day 15 mars 2014\" \/>                    <\/a><span class=\"dysaniacaption\">Opening day 15 mars 2014<\/span>\t\t\t\t<\/li>\r\n                \t\t\t\t\t\r\n\t\t\t\t\t\t\t\t\t\t\t\t\r\n                \r\n                \r\n                <li class=\"threecolumns\" data-filter=\"\">\r\n                    <a  class=\"dysania-link clbx74\" data-title=\"Indoor 9U La Force F\u00e9vrier 2014\" data-rel=\"dysania-linkclbx74\" href=\"https:\/\/picasaweb.google.com\/106353148386797736346\/Indoor9ULaForceFevrier2014?authkey=Gv1sRgCP2ptcrB2Mi7Bw#slideshow\/5978505242835633202\">\r\n                        <img decoding=\"async\" src=\"https:\/\/i0.wp.com\/bluejays.fr\/wp-content\/uploads\/2014\/09\/DSC_05071.jpg?resize=300%2C300\" alt=\"Indoor 9U La Force F\u00e9vrier 2014\" \/>                    <\/a><span class=\"dysaniacaption\">Indoor 9U La Force F\u00e9vrier 2014<\/span>\t\t\t\t<\/li>\r\n                \t\t\t\t\t\r\n\t\t\t\t\t\t\t\t\t\t\t\t\r\n                \r\n                \r\n                <li class=\"threecolumns\" data-filter=\"\">\r\n                    <a  class=\"dysania-link clbx74\" data-title=\"Indoor 9U Agen F\u00e9vrier 2014\" data-rel=\"dysania-linkclbx74\" href=\"https:\/\/picasaweb.google.com\/106353148386797736346\/Indoor9UAgenFevrier2014?authkey=Gv1sRgCOKYicaQ_MeWlgE#slideshow\/5978506323882883506\">\r\n                        <img decoding=\"async\" src=\"https:\/\/i0.wp.com\/bluejays.fr\/wp-content\/uploads\/2014\/09\/DSC_04301.jpg?resize=300%2C300\" alt=\"Indoor 9U Agen F\u00e9vrier 2014\" \/>                    <\/a><span class=\"dysaniacaption\">Indoor 9U Agen F\u00e9vrier 2014<\/span>\t\t\t\t<\/li>\r\n                                                                                                                                                                                <script type=\"text\/javascript\">\r\n                    jQuery(document).ready(function () {\r\n                        jQuery(\".dysania-photo.clbx74\").colorbox({ \r\n                            title:function(){ return jQuery(this).data('title'); }, \r\n                            rel:'dysania-photoclbx74',\r\n                            slideshow:false,\r\n                            slideshowSpeed:3000,\r\n                            slideshowAuto:true,\r\n                            maxWidth:'95%', \r\n                            maxHeight:'95%' \r\n                        });\r\n                        jQuery(\".dysania-iframe.clbx74\").colorbox({ \r\n                            title:function(){ return jQuery(this).data('title'); }, \r\n                            rel:'dysania-iframeclbx74',\r\n                            iframe: true, \r\n                            width: \"80%\", \r\n                            height: \"80%\" });\r\n});\r\n                    <\/script>\r\n                                <\/ul> \r\n    \r\n\n\r\n\r\n<\/div>\r\n\r\n\r\n<\/div><\/div><div class=\"clear\"><\/div>\r\n<script type=\"text\/javascript\">jQuery(document).ready(function() { jQuery(\"#tabs-1\").easyResponsiveTabs({ type: \"vertical\", width: \"auto\", fit: true }); }); <\/script>\r\n\n\n","protected":false},"excerpt":{"rendered":"","protected":false},"author":3,"featured_media":0,"parent":0,"menu_order":0,"comment_status":"open","ping_status":"open","template":"","meta":{"_bbp_topic_count":0,"_bbp_reply_count":0,"_bbp_total_topic_count":0,"_bbp_total_reply_count":0,"_bbp_voice_count":0,"_bbp_anonymous_reply_count":0,"_bbp_topic_count_hidden":0,"_bbp_reply_count_hidden":0,"_bbp_forum_subforum_count":0,"_monsterinsights_skip_tracking":false,"_monsterinsights_sitenote_active":false,"_monsterinsights_sitenote_note":"","_monsterinsights_sitenote_category":0,"_uf_show_specific_survey":0,"_uf_disable_surveys":false,"jetpack_post_was_ever_published":false,"footnotes":""},"class_list":["post-88","page","type-page","status-publish","hentry"],"aioseo_notices":[],"jetpack_shortlink":"https:\/\/wp.me\/P7l0w0-1q","jetpack-related-posts":[{"id":157,"url":"http:\/\/bluejays.fr\/?page_id=157","url_meta":{"origin":88,"position":0},"title":"Fixtures","author":"Caro","date":"14\/04\/2014","format":false,"excerpt":"","rel":"","context":"Article similaire","block_context":{"text":"Article similaire","link":""},"img":{"alt_text":"","src":"https:\/\/i0.wp.com\/bluejays.fr\/wp-content\/uploads\/2014\/04\/fffffftextplaceholder24.jpg?fit=1200%2C686&resize=350%2C200","width":350,"height":200,"srcset":"https:\/\/i0.wp.com\/bluejays.fr\/wp-content\/uploads\/2014\/04\/fffffftextplaceholder24.jpg?fit=1200%2C686&resize=350%2C200 1x, https:\/\/i0.wp.com\/bluejays.fr\/wp-content\/uploads\/2014\/04\/fffffftextplaceholder24.jpg?fit=1200%2C686&resize=525%2C300 1.5x, https:\/\/i0.wp.com\/bluejays.fr\/wp-content\/uploads\/2014\/04\/fffffftextplaceholder24.jpg?fit=1200%2C686&resize=700%2C400 2x, https:\/\/i0.wp.com\/bluejays.fr\/wp-content\/uploads\/2014\/04\/fffffftextplaceholder24.jpg?fit=1200%2C686&resize=1050%2C600 3x"},"classes":[]},{"id":102,"url":"http:\/\/bluejays.fr\/?page_id=102","url_meta":{"origin":88,"position":1},"title":"Historique","author":"Caro","date":"12\/04\/2014","format":false,"excerpt":"Le Club de Baseball de Saint Aubin de M\u00e9doc Un club qui rassemble plus de 100 sportifs de tous \u00e2ges et de tous niveaux partageant la m\u00eame passion pour le baseball et le softball. 6 \u00e9quipes engag\u00e9es en championnat : 9U \/ 12U \/ 15U \/ 18U \/ R1 et\u2026","rel":"","context":"Article similaire","block_context":{"text":"Article similaire","link":""},"img":{"alt_text":"","src":"","width":0,"height":0},"classes":[]},{"id":380,"url":"http:\/\/bluejays.fr\/?page_id=380","url_meta":{"origin":88,"position":2},"title":"Inscriptions","author":"Caro","date":"26\/09\/2014","format":false,"excerpt":"\u2666Tarifs cotisations annuelles 2025\/2026Jeune 9U\/12U\/15U comp\u00e9tition : 130\u20ac pour l'ann\u00e9eSeniorS et 18U comp\u00e9tition : 180\u20ac pour l'ann\u00e9eLoisir Senior : 130\u20ac pour l'ann\u00e9eLoisir Jeune : 110\u20ac pour l'ann\u00e9eLes tarifs des cotisations comprennent l'assurance, la licence f\u00e9d\u00e9rale et le pr\u00eat du mat\u00e9riel.InscriptionsPour toute nouvelle inscription ou renouvellement, merci de remplir le formulaire\u2026","rel":"","context":"Article similaire","block_context":{"text":"Article similaire","link":""},"img":{"alt_text":"","src":"","width":0,"height":0},"classes":[]}],"jetpack_sharing_enabled":true,"_links":{"self":[{"href":"http:\/\/bluejays.fr\/index.php?rest_route=\/wp\/v2\/pages\/88","targetHints":{"allow":["GET"]}}],"collection":[{"href":"http:\/\/bluejays.fr\/index.php?rest_route=\/wp\/v2\/pages"}],"about":[{"href":"http:\/\/bluejays.fr\/index.php?rest_route=\/wp\/v2\/types\/page"}],"author":[{"embeddable":true,"href":"http:\/\/bluejays.fr\/index.php?rest_route=\/wp\/v2\/users\/3"}],"replies":[{"embeddable":true,"href":"http:\/\/bluejays.fr\/index.php?rest_route=%2Fwp%2Fv2%2Fcomments&post=88"}],"version-history":[{"count":14,"href":"http:\/\/bluejays.fr\/index.php?rest_route=\/wp\/v2\/pages\/88\/revisions"}],"predecessor-version":[{"id":2849,"href":"http:\/\/bluejays.fr\/index.php?rest_route=\/wp\/v2\/pages\/88\/revisions\/2849"}],"wp:attachment":[{"href":"http:\/\/bluejays.fr\/index.php?rest_route=%2Fwp%2Fv2%2Fmedia&parent=88"}],"curies":[{"name":"wp","href":"https:\/\/api.w.org\/{rel}","templated":true}]}}