{"id":452,"date":"2014-10-10T11:32:17","date_gmt":"2014-10-10T09:32:17","guid":{"rendered":"http:\/\/bluejays.fr\/?page_id=452"},"modified":"2024-01-12T18:34:56","modified_gmt":"2024-01-12T17:34:56","slug":"forum-2","status":"publish","type":"page","link":"http:\/\/bluejays.fr\/?page_id=452","title":{"rendered":"\u00c9v\u00e9nements"},"content":{"rendered":"\n<div class=\"et-post-outer-wrapper-918373227     et-main-blog-wrapper et-left-timeline et-one-side-template-2\"\n\n     data-id=\"et_1377650\">\n    <div class=\"et-layout-one_side-section\">\n                <div class=\"et-clearfix et-blog-cover\">\r\n                <div class=\"et-timeline-line\"><\/div>\n\n    <div class=\"et-timeline-item\">\n\n        <div class=\"et-timeline-date\">\n            <div class=\"et-timeline-date-inner\">\n                <div class=\"et-date-day\">\n                    29                <\/div>\n                <div class=\"et-month\">\n                    Juil                <\/div>\n            <\/div>\n        <\/div>\n                <div  class=\"et-all-contain-here\">\n            <div class=\"et-inner-content\">\n                <div class=\"et-title\">\n                    <a href=\"http:\/\/bluejays.fr\/?p=3806\">\n                        French Summer League Baseball 2020<\/a><\/div>\n                <div class=\"et-image\">        <a href=\"http:\/\/bluejays.fr\/?p=3806\" target=\"_blank\"><img decoding=\"async\" width=\"1024\" height=\"284\" src=\"https:\/\/i0.wp.com\/bluejays.fr\/wp-content\/uploads\/2020\/07\/french-summer-league.png?fit=1024%2C284\" class=\"attachment-full size-full wp-post-image\" alt=\"\" srcset=\"https:\/\/i0.wp.com\/bluejays.fr\/wp-content\/uploads\/2020\/07\/french-summer-league.png?w=1024 1024w, https:\/\/i0.wp.com\/bluejays.fr\/wp-content\/uploads\/2020\/07\/french-summer-league.png?resize=300%2C83 300w, https:\/\/i0.wp.com\/bluejays.fr\/wp-content\/uploads\/2020\/07\/french-summer-league.png?resize=768%2C213 768w\" sizes=\"(max-width: 1024px) 100vw, 1024px\" data-attachment-id=\"3810\" data-permalink=\"http:\/\/bluejays.fr\/?attachment_id=3810\" data-orig-file=\"https:\/\/i0.wp.com\/bluejays.fr\/wp-content\/uploads\/2020\/07\/french-summer-league.png?fit=1024%2C284\" data-orig-size=\"1024,284\" data-comments-opened=\"0\" data-image-meta=\"{&quot;aperture&quot;:&quot;0&quot;,&quot;credit&quot;:&quot;&quot;,&quot;camera&quot;:&quot;&quot;,&quot;caption&quot;:&quot;&quot;,&quot;created_timestamp&quot;:&quot;0&quot;,&quot;copyright&quot;:&quot;&quot;,&quot;focal_length&quot;:&quot;0&quot;,&quot;iso&quot;:&quot;0&quot;,&quot;shutter_speed&quot;:&quot;0&quot;,&quot;title&quot;:&quot;&quot;,&quot;orientation&quot;:&quot;0&quot;}\" data-image-title=\"french-summer-league\" data-image-description=\"\" data-image-caption=\"\" data-medium-file=\"https:\/\/i0.wp.com\/bluejays.fr\/wp-content\/uploads\/2020\/07\/french-summer-league.png?fit=300%2C83\" data-large-file=\"https:\/\/i0.wp.com\/bluejays.fr\/wp-content\/uploads\/2020\/07\/french-summer-league.png?fit=1024%2C284\" \/><\/a>\n\n        <\/div>\n                <div class=\"et-content\">\n<p>Retrouvez le programme de la premi\u00e8re \u00e9dition de la French Summer League Baseball 2020 !!! <\/p>\n\n\n\n<p>Notre \u00e9quipe en Poule 3 affrontera les <a href=\"https:\/\/www.facebook.com\/RaidersEysinesBaseballSoftball\/?__cft__[0]=AZXrhcNZNIR-epTkWh1hlIkV-VRJqXDbqriUNrRovuGCH2-W3pDu2MPgDHM7fcIrWD05ZRJFVaJntHhahsJeBVs3a7rt0kLFgeSWs0YYnglib-GxIW_E3JtS0sAhzYMKPY5SC7PUmBy8W9wdGWH89VlC9XLuLXI3UEI6QWWcN52I5Q&amp;__tn__=kK-R\">Raiders d&rsquo;Eysines<\/a> et le <a href=\"https:\/\/www.facebook.com\/ToulouseBaseball\/?__cft__[0]=AZXrhcNZNIR-epTkWh1hlIkV-VRJqXDbqriUNrRovuGCH2-W3pDu2MPgDHM7fcIrWD05ZRJFVaJntHhahsJeBVs3a7rt0kLFgeSWs0YYnglib-GxIW_E3JtS0sAhzYMKPY5SC7PUmBy8W9wdGWH89VlC9XLuLXI3UEI6QWWcN52I5Q&amp;__tn__=kK-R\">Stade Toulousain Baseball &amp; Softball<\/a>.<\/p>\n\n\n\n<p><strong>Opening Day le 8 ao\u00fbt \u00e0 Toulouse<\/strong><br><a href=\"https:\/\/www.facebook.com\/FFBaseballSoftball\/?__cft__[0]=AZXrhcNZNIR-epTkWh1hlIkV-VRJqXDbqriUNrRovuGCH2-W3pDu2MPgDHM7fcIrWD05ZRJFVaJntHhahsJeBVs3a7rt0kLFgeSWs0YYnglib-GxIW_E3JtS0sAhzYMKPY5SC7PUmBy8W9wdGWH89VlC9XLuLXI3UEI6QWWcN52I5Q&amp;__tn__=kK-R\">F\u00e9d\u00e9ration Fran\u00e7aise de Baseball et Softball<\/a><\/p>\n\n\n\n<figure class=\"wp-block-image size-large\"><a href=\"https:\/\/i0.wp.com\/bluejays.fr\/wp-content\/uploads\/2020\/07\/french-summer-league.jpg\" target=\"_blank\" rel=\"noreferrer noopener\"><img fetchpriority=\"high\" fetchpriority=\"high\" decoding=\"async\" width=\"1920\" height=\"1080\" data-attachment-id=\"3807\" data-permalink=\"http:\/\/bluejays.fr\/?attachment_id=3807\" data-orig-file=\"https:\/\/i0.wp.com\/bluejays.fr\/wp-content\/uploads\/2020\/07\/french-summer-league.jpg?fit=1920%2C1080\" data-orig-size=\"1920,1080\" data-comments-opened=\"0\" data-image-meta=\"{&quot;aperture&quot;:&quot;0&quot;,&quot;credit&quot;:&quot;&quot;,&quot;camera&quot;:&quot;&quot;,&quot;caption&quot;:&quot;&quot;,&quot;created_timestamp&quot;:&quot;0&quot;,&quot;copyright&quot;:&quot;&quot;,&quot;focal_length&quot;:&quot;0&quot;,&quot;iso&quot;:&quot;0&quot;,&quot;shutter_speed&quot;:&quot;0&quot;,&quot;title&quot;:&quot;&quot;,&quot;orientation&quot;:&quot;0&quot;}\" data-image-title=\"french-summer-league\" data-image-description=\"\" data-image-caption=\"\" data-medium-file=\"https:\/\/i0.wp.com\/bluejays.fr\/wp-content\/uploads\/2020\/07\/french-summer-league.jpg?fit=300%2C169\" data-large-file=\"https:\/\/i0.wp.com\/bluejays.fr\/wp-content\/uploads\/2020\/07\/french-summer-league.jpg?fit=1024%2C576\" src=\"https:\/\/i2.wp.com\/bluejays.fr\/wp-content\/uploads\/2020\/07\/french-summer-league.jpg?fit=1024%2C576\" alt=\"\" class=\"wp-image-3807\" srcset=\"https:\/\/i0.wp.com\/bluejays.fr\/wp-content\/uploads\/2020\/07\/french-summer-league.jpg?w=1920 1920w, https:\/\/i0.wp.com\/bluejays.fr\/wp-content\/uploads\/2020\/07\/french-summer-league.jpg?resize=300%2C169 300w, https:\/\/i0.wp.com\/bluejays.fr\/wp-content\/uploads\/2020\/07\/french-summer-league.jpg?resize=1024%2C576 1024w, https:\/\/i0.wp.com\/bluejays.fr\/wp-content\/uploads\/2020\/07\/french-summer-league.jpg?resize=768%2C432 768w, https:\/\/i0.wp.com\/bluejays.fr\/wp-content\/uploads\/2020\/07\/french-summer-league.jpg?resize=1536%2C864 1536w\" sizes=\"(max-width: 1024px) 100vw, 1024px\" \/><\/a><\/figure>\n<\/div>\n                                <div class=\"et-meta-wrap\">\n                                    <\/div>\n            <\/div>\n        <\/div>\n    <\/div>\n            <\/div>\r\n            <\/div>\n<\/div>\n\n\n\n\n","protected":false},"excerpt":{"rendered":"","protected":false},"author":3,"featured_media":0,"parent":0,"menu_order":0,"comment_status":"closed","ping_status":"closed","template":"","meta":{"_bbp_topic_count":0,"_bbp_reply_count":0,"_bbp_total_topic_count":0,"_bbp_total_reply_count":0,"_bbp_voice_count":0,"_bbp_anonymous_reply_count":0,"_bbp_topic_count_hidden":0,"_bbp_reply_count_hidden":0,"_bbp_forum_subforum_count":0,"_monsterinsights_skip_tracking":false,"_monsterinsights_sitenote_active":false,"_monsterinsights_sitenote_note":"","_monsterinsights_sitenote_category":0,"_uf_show_specific_survey":0,"_uf_disable_surveys":false,"jetpack_post_was_ever_published":false,"footnotes":""},"class_list":["post-452","page","type-page","status-publish","hentry"],"aioseo_notices":[],"jetpack_shortlink":"https:\/\/wp.me\/P7l0w0-7i","jetpack-related-posts":[{"id":102,"url":"http:\/\/bluejays.fr\/?page_id=102","url_meta":{"origin":452,"position":0},"title":"Historique","author":"Caro","date":"12\/04\/2014","format":false,"excerpt":"Le Club de Baseball de Saint Aubin de M\u00e9doc Un club qui rassemble plus de 100 sportifs de tous \u00e2ges et de tous niveaux partageant la m\u00eame passion pour le baseball et le softball. 6 \u00e9quipes engag\u00e9es en championnat : 9U \/ 12U \/ 15U \/ 18U \/ R1 et\u2026","rel":"","context":"Article similaire","block_context":{"text":"Article similaire","link":""},"img":{"alt_text":"","src":"","width":0,"height":0},"classes":[]},{"id":88,"url":"http:\/\/bluejays.fr\/?page_id=88","url_meta":{"origin":452,"position":1},"title":"Galeries","author":"Caro","date":"12\/04\/2014","format":false,"excerpt":"","rel":"","context":"Article similaire","block_context":{"text":"Article similaire","link":""},"img":{"alt_text":"","src":"","width":0,"height":0},"classes":[]},{"id":2613,"url":"http:\/\/bluejays.fr\/?page_id=2613","url_meta":{"origin":452,"position":2},"title":"R\u00e9sultats et classement D2","author":"Caro","date":"02\/04\/2019","format":false,"excerpt":"Un lien \u00e0 utiliser dans les cas o\u00f9 les navigateurs ne supportent pas les iframes.","rel":"","context":"Article similaire","block_context":{"text":"Article similaire","link":""},"img":{"alt_text":"","src":"","width":0,"height":0},"classes":[]},{"id":380,"url":"http:\/\/bluejays.fr\/?page_id=380","url_meta":{"origin":452,"position":3},"title":"Inscriptions","author":"Caro","date":"26\/09\/2014","format":false,"excerpt":"\u2666Tarifs cotisations annuelles 2025\/2026Jeune 9U\/12U\/15U comp\u00e9tition : 130\u20ac pour l'ann\u00e9eSeniorS et 18U comp\u00e9tition : 180\u20ac pour l'ann\u00e9eLoisir Senior : 130\u20ac pour l'ann\u00e9eLoisir Jeune : 110\u20ac pour l'ann\u00e9eLes tarifs des cotisations comprennent l'assurance, la licence f\u00e9d\u00e9rale et le pr\u00eat du mat\u00e9riel.InscriptionsPour toute nouvelle inscription ou renouvellement, merci de remplir le formulaire\u2026","rel":"","context":"Article similaire","block_context":{"text":"Article similaire","link":""},"img":{"alt_text":"","src":"","width":0,"height":0},"classes":[]},{"id":438,"url":"http:\/\/bluejays.fr\/?page_id=438","url_meta":{"origin":452,"position":4},"title":"Notre \u00e9cole Baseball Jeunes &#8211; Section 15U","author":"Caro","date":"29\/09\/2014","format":false,"excerpt":"Section 15U Coachs : Pierre Cuquel et Matt\u00e9o Vignollet\u00a0 Entra\u00eenements Mercredi : 16h30 \u00e0 18h30 Samedi 10h \u00e0 12h30 (p\u00e9riode hivernale : entra\u00eenements \u00e0 la salle de sport du coll\u00e8ge L\u00e9onard de Vinci de 15h \u00e0 16h30). moins de 18 ans comp\u00e9tition\u00a0: 130\u20ac pour l'ann\u00e9e (licence f\u00e9d\u00e9rale incluse) Les tarifs\u2026","rel":"","context":"Article similaire","block_context":{"text":"Article similaire","link":""},"img":{"alt_text":"","src":"https:\/\/i0.wp.com\/bluejays.fr\/wp-content\/uploads\/2025\/09\/WhatsApp-Image-2025-09-05-a-16.08.09_503c39b9.jpg?fit=1200%2C985&resize=350%2C200","width":350,"height":200,"srcset":"https:\/\/i0.wp.com\/bluejays.fr\/wp-content\/uploads\/2025\/09\/WhatsApp-Image-2025-09-05-a-16.08.09_503c39b9.jpg?fit=1200%2C985&resize=350%2C200 1x, https:\/\/i0.wp.com\/bluejays.fr\/wp-content\/uploads\/2025\/09\/WhatsApp-Image-2025-09-05-a-16.08.09_503c39b9.jpg?fit=1200%2C985&resize=525%2C300 1.5x, https:\/\/i0.wp.com\/bluejays.fr\/wp-content\/uploads\/2025\/09\/WhatsApp-Image-2025-09-05-a-16.08.09_503c39b9.jpg?fit=1200%2C985&resize=700%2C400 2x, https:\/\/i0.wp.com\/bluejays.fr\/wp-content\/uploads\/2025\/09\/WhatsApp-Image-2025-09-05-a-16.08.09_503c39b9.jpg?fit=1200%2C985&resize=1050%2C600 3x"},"classes":[]},{"id":111,"url":"http:\/\/bluejays.fr\/?page_id=111","url_meta":{"origin":452,"position":5},"title":"NOS EQUIPES Baseball Seniors &#8211; Division 3","author":"Caro","date":"13\/04\/2014","format":false,"excerpt":"Equipe 1 - D3 Coachs : Fr\u00e9d\u00e9ric Vignollet, Alban Debrais\u00a0 Entrainements Les mardi et jeudi de 18h30 \u00e0 20h30 (p\u00e9riode hivernale : entra\u00eenements \u00e0 la salle de sport du coll\u00e8ge L\u00e9onard de Vinci de 16h30 \u00e0 18h30). Tarifs cotisations club Senior +18 ans comp\u00e9tition\u00a0: 180\u20ac pour l'ann\u00e9e (licence f\u00e9d\u00e9rale incluse)\u2026","rel":"","context":"Article similaire","block_context":{"text":"Article similaire","link":""},"img":{"alt_text":"","src":"https:\/\/i0.wp.com\/bluejays.fr\/wp-content\/uploads\/2024\/08\/IMG_1161.jpg?fit=960%2C820&resize=350%2C200","width":350,"height":200,"srcset":"https:\/\/i0.wp.com\/bluejays.fr\/wp-content\/uploads\/2024\/08\/IMG_1161.jpg?fit=960%2C820&resize=350%2C200 1x, https:\/\/i0.wp.com\/bluejays.fr\/wp-content\/uploads\/2024\/08\/IMG_1161.jpg?fit=960%2C820&resize=525%2C300 1.5x, https:\/\/i0.wp.com\/bluejays.fr\/wp-content\/uploads\/2024\/08\/IMG_1161.jpg?fit=960%2C820&resize=700%2C400 2x"},"classes":[]}],"jetpack_sharing_enabled":true,"_links":{"self":[{"href":"http:\/\/bluejays.fr\/index.php?rest_route=\/wp\/v2\/pages\/452","targetHints":{"allow":["GET"]}}],"collection":[{"href":"http:\/\/bluejays.fr\/index.php?rest_route=\/wp\/v2\/pages"}],"about":[{"href":"http:\/\/bluejays.fr\/index.php?rest_route=\/wp\/v2\/types\/page"}],"author":[{"embeddable":true,"href":"http:\/\/bluejays.fr\/index.php?rest_route=\/wp\/v2\/users\/3"}],"replies":[{"embeddable":true,"href":"http:\/\/bluejays.fr\/index.php?rest_route=%2Fwp%2Fv2%2Fcomments&post=452"}],"version-history":[{"count":16,"href":"http:\/\/bluejays.fr\/index.php?rest_route=\/wp\/v2\/pages\/452\/revisions"}],"predecessor-version":[{"id":4672,"href":"http:\/\/bluejays.fr\/index.php?rest_route=\/wp\/v2\/pages\/452\/revisions\/4672"}],"wp:attachment":[{"href":"http:\/\/bluejays.fr\/index.php?rest_route=%2Fwp%2Fv2%2Fmedia&parent=452"}],"curies":[{"name":"wp","href":"https:\/\/api.w.org\/{rel}","templated":true}]}}